{"id":14594,"date":"2021-10-06T09:22:44","date_gmt":"2021-10-06T07:22:44","guid":{"rendered":"https:\/\/www.pta.med.pl\/?page_id=14594"},"modified":"2022-06-13T10:10:41","modified_gmt":"2022-06-13T08:10:41","slug":"o-nas","status":"publish","type":"page","link":"https:\/\/old.pta.med.pl\/?page_id=14594","title":{"rendered":"O nas"},"content":{"rendered":"<p><div class=\"fusion-fullwidth fullwidth-box fusion-builder-row-1 fusion-flex-container nonhundred-percent-fullwidth non-hundred-percent-height-scrolling\" style=\"background-color: rgba(255,255,255,0);background-position: center center;background-repeat: no-repeat;border-width: 0px 0px 0px 0px;border-color:#eae9e9;border-style:solid;\" ><div class=\"fusion-builder-row fusion-row fusion-flex-align-items-flex-start\" style=\"max-width:1664px;margin-left: calc(-4% \/ 2 );margin-right: calc(-4% \/ 2 );\"><div class=\"fusion-layout-column fusion_builder_column fusion-builder-column-0 fusion_builder_column_1_1 1_1 fusion-flex-column\"><div class=\"fusion-column-wrapper fusion-flex-justify-content-flex-start fusion-content-layout-column\" style=\"background-position:left top;background-repeat:no-repeat;-webkit-background-size:cover;-moz-background-size:cover;-o-background-size:cover;background-size:cover;padding: 0px 0px 0px 0px;\"><style type=\"text\/css\">@media only screen and (max-width:1024px) {.fusion-title.fusion-title-1{margin-top:0px!important; margin-right:0px!important;margin-bottom:31px!important;margin-left:0px!important;}}@media only screen and (max-width:640px) {.fusion-title.fusion-title-1{margin-top:0px!important; margin-right:0px!important;margin-bottom:20px!important; margin-left:0px!important;}}<\/style><div class=\"fusion-title title fusion-title-1 sep-underline sep-solid fusion-title-text fusion-title-size-one\" style=\"border-bottom-color:#e0dede;margin-top:0px;margin-right:0px;margin-bottom:31px;margin-left:0px;\"><h1 class=\"title-heading-left fusion-responsive-typography-calculated\" style=\"margin:0;color:#333333;--fontSize:28;line-height:1.4;\"><p style=\"text-align: center;\">O NAS<\/p><\/h1><\/div><\/div><style type=\"text\/css\">.fusion-body .fusion-builder-column-0{width:100% !important;margin-top : 0px;margin-bottom : 20px;}.fusion-builder-column-0 > .fusion-column-wrapper {padding-top : 0px !important;padding-right : 0px !important;margin-right : 1.92%;padding-bottom : 0px !important;padding-left : 0px !important;margin-left : 1.92%;}@media only screen and (max-width:1024px) {.fusion-body .fusion-builder-column-0{width:100% !important;order : 0;}.fusion-builder-column-0 > .fusion-column-wrapper {margin-right : 1.92%;margin-left : 1.92%;}}@media only screen and (max-width:640px) {.fusion-body .fusion-builder-column-0{width:100% !important;order : 0;}.fusion-builder-column-0 > .fusion-column-wrapper {margin-right : 1.92%;margin-left : 1.92%;}}<\/style><\/div><div class=\"fusion-layout-column fusion_builder_column fusion-builder-column-1 fusion_builder_column_1_2 1_2 fusion-flex-column\"><div class=\"fusion-column-wrapper fusion-flex-justify-content-flex-start fusion-content-layout-column\" style=\"background-position:left top;background-repeat:no-repeat;-webkit-background-size:cover;-moz-background-size:cover;-o-background-size:cover;background-size:cover;padding: 0px 0px 0px 0px;\"><div class=\"elegant-expanding-sections elegant-expanding-section-1\"><div class=\"elegant-expanding-section-heading-area\" style=\"background: background: -webkit-gradient(linear, 0% 0%, 0% 100%, from(#90c9e8), to(#5aabd6));background: -webkit-linear-gradient(top, #90c9e8, #5aabd6);background: -moz-linear-gradient(top, #90c9e8, #5aabd6);background: -ms-linear-gradient(top, #90c9e8, #5aabd6);background: -o-linear-gradient(top, #90c9e8, #5aabd6);;\"><div class=\"elegant-expanding-section-heading-wrapper\"><div class=\"elegant-expanding-section-title\" style=\"font-family: &#039;Open Sans&#039;;font-weight: 400;font-size:22px;color:#333333;\"><h2>PREZYDENCI PTA<\/h2><\/div><div class=\"elegant-expanding-section-description\" style=\"font-family: &#039;Open Sans&#039;;font-weight: 300;font-size:16px;color:#333333;\"><\/div><\/div><div class=\"elegant-expanding-section-icon\" style=\"fill:#333333;\"><svg xmlns=\"http:\/\/www.w3.org\/2000\/svg\" xmlns:xlink=\"http:\/\/www.w3.org\/1999\/xlink\" version=\"1.1\" id=\"Capa_1\" x=\"0px\" y=\"0px\" viewBox=\"0 0 512 512\" style=\"enable-background:new 0 0 512 512; width: 32px;\" xml:space=\"preserve\">\n<g transform=\"translate(1 1)\">\n\t<g>\n\t\t<path d=\"M489.667,233.667H276.333V20.333C276.333,8.551,266.782-1,255-1s-21.333,9.551-21.333,21.333v213.333H20.333    C8.551,233.667-1,243.218-1,255s9.551,21.333,21.333,21.333h213.333v213.333c0,11.782,9.551,21.333,21.333,21.333    s21.333-9.551,21.333-21.333V276.333h213.333c11.782,0,21.333-9.551,21.333-21.333S501.449,233.667,489.667,233.667z\"><\/path>\n\t<\/g>\n<\/g>\n<\/svg><\/div><\/div><div class=\"elegant-expanding-section-content-area\" style=\"display: none;\"><div class=\"elegant-expanding-section-content\">\n<div class=\"fusion-text fusion-text-1\">\n<ol>\n<li>Prof. Bogdan Roma\u0144ski (1982 \u2013 1985)<\/li>\n<li>Prof. Bogdan Roma\u0144ski (1985 \u2013 1988)<\/li>\n<li>Prof. J\u00f3zef Ma\u0142olepszy (1988 \u2013 1991)<\/li>\n<li>Prof. J\u00f3zef Ma\u0142olepszy (1991 \u2013 1994)<\/li>\n<li>Prof. Tadeusz P\u0142usa (1994 \u2013 1997)<\/li>\n<li>Prof. Tadeusz P\u0142usa (1997 \u2013 2000)<\/li>\n<li>Prof. Pawe\u0142 G\u00f3rski (2000 \u2013 2003)<\/li>\n<li>Prof. Marek L. Kowalski (2003 \u2013 2006)<\/li>\n<li>Prof. Piotr Kuna (2006 \u2013 2009)<\/li>\n<li>Prof. Barbara Rogala (2009 \u2013 2012)<\/li>\n<li>Prof. Boles\u0142aw Samoli\u0144ski (2012 \u2013 2015)<\/li>\n<li>Prof. Zbigniew Bartuzi (2015 \u2013 2018)<\/li>\n<li>Prof. Marek Kulus (2018 \u2013 2021)<\/li>\n<li>Prof. Maciej Kupczyk (2021 \u2013 2024)<\/li>\n<\/ol>\n<\/div>\n<\/div><\/div><\/div><div class=\"elegant-expanding-sections elegant-expanding-section-2\"><div class=\"elegant-expanding-section-heading-area\" style=\"background: background: -webkit-gradient(linear, 0% 0%, 0% 100%, from(#90c9e8), to(#5aabd6));background: -webkit-linear-gradient(top, #90c9e8, #5aabd6);background: -moz-linear-gradient(top, #90c9e8, #5aabd6);background: -ms-linear-gradient(top, #90c9e8, #5aabd6);background: -o-linear-gradient(top, #90c9e8, #5aabd6);;\"><div class=\"elegant-expanding-section-heading-wrapper\"><div class=\"elegant-expanding-section-title\" style=\"font-family: &#039;Open Sans&#039;;font-weight: 400;font-size:22px;\"><h2>CZ\u0141ONKOWIE HONOROWI PTA<\/h2><\/div><div class=\"elegant-expanding-section-description\" style=\"font-family: &#039;Open Sans&#039;;font-weight: 300;font-size:18px;\"><\/div><\/div><div class=\"elegant-expanding-section-icon\"><svg xmlns=\"http:\/\/www.w3.org\/2000\/svg\" xmlns:xlink=\"http:\/\/www.w3.org\/1999\/xlink\" version=\"1.1\" id=\"Capa_1\" x=\"0px\" y=\"0px\" viewBox=\"0 0 512 512\" style=\"enable-background:new 0 0 512 512; width: 32px;\" xml:space=\"preserve\">\n<g transform=\"translate(1 1)\">\n\t<g>\n\t\t<path d=\"M489.667,233.667H276.333V20.333C276.333,8.551,266.782-1,255-1s-21.333,9.551-21.333,21.333v213.333H20.333    C8.551,233.667-1,243.218-1,255s9.551,21.333,21.333,21.333h213.333v213.333c0,11.782,9.551,21.333,21.333,21.333    s21.333-9.551,21.333-21.333V276.333h213.333c11.782,0,21.333-9.551,21.333-21.333S501.449,233.667,489.667,233.667z\"><\/path>\n\t<\/g>\n<\/g>\n<\/svg><\/div><\/div><div class=\"elegant-expanding-section-content-area\" style=\"display: none;\"><div class=\"elegant-expanding-section-content\">\n<div class=\"fusion-text fusion-text-1\">\n<ol>\n<li>Prof. Jack Hawiger (USA)<\/li>\n<li>Prof. Jean Paupe (Francja)<\/li>\n<li>Prof. Lino Businco (W\u0142ochy)<\/li>\n<li>Prof. Bogdan Roma\u0144ski<\/li>\n<li>Prof. Edward Rudzki<\/li>\n<li>Prof. Sabina Chyrek-Borowska<\/li>\n<li>Prof. Jerzy Ro\u017cniecki<\/li>\n<li>Prof. Sergio Bonini (W\u0142ochy)<\/li>\n<li>Prof. Wac\u0142aw Droszcz<\/li>\n<li>Prof. J\u00f3zef Ma\u0142olepszy<\/li>\n<li>Prof. Andrzej Szczeklik<\/li>\n<li>Prof. S.G.O. Johanson (Szwecja)<\/li>\n<li>Prof. Edmund Rogala<\/li>\n<li>Prof. Danuta Szewczyk-Chmielewska<\/li>\n<li>Prof. Czes\u0142aw Zychowicz<\/li>\n<li>Prof. Marek L. Kowalski<\/li>\n<li>Prof. Jean Bousquet (Francja)<\/li>\n<li>Prof. Pawe\u0142 G\u00f3rski<\/li>\n<li>Prof. Maciej Kaczmarski<\/li>\n<li>Prof. Ryszard Kurzawa<\/li>\n<li>Prof. Anna Br\u0119borowicz<\/li>\n<li>Prof. Jerzy Kruszewski<\/li>\n<li>Dr. Teresa Ma\u0142aczy\u0144ska<\/li>\n<li>Prof. Barbara Rogala<\/li>\n<li>Prof.\u00a0Krzysztof Buczy\u0142ko<\/li>\n<li>Prof.\u00a0Piotr Kuna<\/li>\n<li>Prof.\u00a0\u00a0Anna Nowak\u2013W\u0119grzyn<\/li>\n<li>Prof.\u00a0Bernard Panaszek<\/li>\n<li>Prof. Boles\u0142aw Samoli\u0144ski<\/li>\n<\/ol>\n<p><a href=\"https:\/\/www.pta.med.pl\/wp-content\/uploads\/Regulamin-nadawania-czlonkostwa-honorowego-Polskiego-Towarzystwa-Alergologicznego-2022.pdf\" target=\"_blank\" rel=\"noopener\">Regulamin: Cz\u0142onkostwo Honorowe PTA \u2013 2022<\/a><\/p>\n<\/div>\n<\/div><\/div><\/div><div class=\"elegant-expanding-sections elegant-expanding-section-3\"><div class=\"elegant-expanding-section-heading-area\" style=\"background: background: -webkit-gradient(linear, left top, right top, from(#90c9e8), to(#5aabd6));background: -webkit-linear-gradient(0deg, #90c9e8, #5aabd6);background: -moz-linear-gradient(0deg, #90c9e8, #5aabd6);background: -ms-linear-gradient(0deg, #90c9e8, #5aabd6);background: -o-linear-gradient(0deg, #90c9e8, #5aabd6);;\"><div class=\"elegant-expanding-section-heading-wrapper\"><div class=\"elegant-expanding-section-title\" style=\"font-family: &#039;Open Sans&#039;;font-weight: 400;font-size:22px;\"><h2>ZAS\u0141U\u017bENI W ROZWOJU ALERGOLOGII<\/h2><\/div><div class=\"elegant-expanding-section-description\" style=\"font-family: &#039;Open Sans&#039;;font-weight: 300;font-size:18px;\"><\/div><\/div><div class=\"elegant-expanding-section-icon\"><svg xmlns=\"http:\/\/www.w3.org\/2000\/svg\" xmlns:xlink=\"http:\/\/www.w3.org\/1999\/xlink\" version=\"1.1\" id=\"Capa_1\" x=\"0px\" y=\"0px\" viewBox=\"0 0 512 512\" style=\"enable-background:new 0 0 512 512; width: 32px;\" xml:space=\"preserve\">\n<g transform=\"translate(1 1)\">\n\t<g>\n\t\t<path d=\"M489.667,233.667H276.333V20.333C276.333,8.551,266.782-1,255-1s-21.333,9.551-21.333,21.333v213.333H20.333    C8.551,233.667-1,243.218-1,255s9.551,21.333,21.333,21.333h213.333v213.333c0,11.782,9.551,21.333,21.333,21.333    s21.333-9.551,21.333-21.333V276.333h213.333c11.782,0,21.333-9.551,21.333-21.333S501.449,233.667,489.667,233.667z\"><\/path>\n\t<\/g>\n<\/g>\n<\/svg><\/div><\/div><div class=\"elegant-expanding-section-content-area\" style=\"display: none;\"><div class=\"elegant-expanding-section-content\">\n<div class=\"fusion-text fusion-text-1\">\n<p><strong>Medale \u201cZas\u0142u\u017cony w rozwoju alergologii\u201d<\/strong> nadane 17 wrze\u015bnia 2021 roku podczas Walnego Zgromadzenia Delegat\u00f3w Polskiego Towarzystwa Alergologicznego otrzymali:<\/p>\n<ul>\n<li>Prof. Jerzy Kruszewski<\/li>\n<li>Prof. Marek Kulus<\/li>\n<li>Dr Andrzej Pustkowski<\/li>\n<li>Dr Piotr Rapiejko<\/li>\n<\/ul>\n<p><strong>Medale \u201cZas\u0142u\u017cony w rozwoju alergologii\u201d<\/strong> nadane 26 wrze\u015bnia 2018 roku podczas Walnego Zgromadzenia Delegat\u00f3w Polskiego Towarzystwa Alergologicznego otrzymali:<\/p>\n<ul>\n<li>Prof. Andrzej Emeryk<\/li>\n<li>Prof. Janina Grzegorczyk<\/li>\n<li>Prof. Ewa Jassem<\/li>\n<\/ul>\n<p><strong>Medale \u201cZas\u0142u\u017cony w rozwoju alergologii\u201d<\/strong> nadane 12 wrze\u015bnia 2015 roku podczas Walnego Zgromadzenia Delegat\u00f3w Polskiego Towarzystwa Alergologicznego otrzymali:<\/p>\n<ul>\n<li>Prof. dr hab. n. med. Andrzej Bozna\u0144ski<\/li>\n<li>Dr hab. n. med. Marta Che\u0142mi\u0144ska<\/li>\n<li>Prof dr hab. n. med. Roman Nowicki<\/li>\n<\/ul>\n<p><a href=\"https:\/\/www.pta.med.pl\/wp-content\/uploads\/Regulamin-nadawania-medalu-Zasluzony-w-rozwoju-polskiej-alergologii-2022.pdf\" target=\"_blank\" rel=\"noopener\">Regulamin Medal zas\u0142u\u017cony w rozwoju polskiej alergologii<\/a><\/p>\n<\/div>\n<\/div><\/div><\/div><\/div><style type=\"text\/css\">.fusion-body .fusion-builder-column-1{width:50% !important;margin-top : 0px;margin-bottom : 20px;}.fusion-builder-column-1 > .fusion-column-wrapper {padding-top : 0px !important;padding-right : 0px !important;margin-right : 3.84%;padding-bottom : 0px !important;padding-left : 0px !important;margin-left : 3.84%;}@media only screen and (max-width:1024px) {.fusion-body .fusion-builder-column-1{width:100% !important;order : 0;}.fusion-builder-column-1 > .fusion-column-wrapper {margin-right : 1.92%;margin-left : 1.92%;}}@media only screen and (max-width:640px) {.fusion-body .fusion-builder-column-1{width:100% !important;order : 0;}.fusion-builder-column-1 > .fusion-column-wrapper {margin-right : 1.92%;margin-left : 1.92%;}}<\/style><\/div><div class=\"fusion-layout-column fusion_builder_column fusion-builder-column-2 fusion_builder_column_1_2 1_2 fusion-flex-column\"><div class=\"fusion-column-wrapper fusion-flex-justify-content-flex-start fusion-content-layout-column\" style=\"background-position:left top;background-repeat:no-repeat;-webkit-background-size:cover;-moz-background-size:cover;-o-background-size:cover;background-size:cover;padding: 0px 0px 0px 0px;\"><div class=\"elegant-image elegant-image-0 elegant-align-left\"><div class=\"elegant-image-wrapper\"><img src=\"https:\/\/www.pta.med.pl\/wp-content\/uploads\/Motyw-pta-2022-800.jpg\" alt=\"\" style=\"width:600px;\"\/><\/div><div class=\"elegant-image-blur-shadow\"><img src=\"https:\/\/www.pta.med.pl\/wp-content\/uploads\/Motyw-pta-2022-800.jpg\" alt=\"\" style=\"width:600px;\"\/><\/div><style type=\"text\/css\">.elegant-image-0 img {\n\t\t\t\t\tborder-radius: 4px !important;\n\t\t\t\t}<\/style><\/div><\/div><style type=\"text\/css\">.fusion-body .fusion-builder-column-2{width:50% !important;margin-top : 0px;margin-bottom : 20px;}.fusion-builder-column-2 > .fusion-column-wrapper {padding-top : 0px !important;padding-right : 0px !important;margin-right : 3.84%;padding-bottom : 0px !important;padding-left : 0px !important;margin-left : 3.84%;}@media only screen and (max-width:1024px) {.fusion-body .fusion-builder-column-2{width:100% !important;order : 0;}.fusion-builder-column-2 > .fusion-column-wrapper {margin-right : 1.92%;margin-left : 1.92%;}}@media only screen and (max-width:640px) {.fusion-body .fusion-builder-column-2{width:100% !important;order : 0;}.fusion-builder-column-2 > .fusion-column-wrapper {margin-right : 1.92%;margin-left : 1.92%;}}<\/style><\/div><\/div><style type=\"text\/css\">.fusion-body .fusion-flex-container.fusion-builder-row-1{ padding-top : 0px;margin-top : 0px;padding-right : 0px;padding-bottom : 0px;margin-bottom : 0px;padding-left : 0px;}<\/style><\/div><div class=\"fusion-fullwidth fullwidth-box fusion-builder-row-2 fusion-flex-container nonhundred-percent-fullwidth non-hundred-percent-height-scrolling\" style=\"background-color: rgba(255,255,255,0);background-position: center center;background-repeat: no-repeat;border-width: 0px 0px 0px 0px;border-color:#eae9e9;border-style:solid;\" ><div class=\"fusion-builder-row fusion-row fusion-flex-align-items-flex-start\" style=\"max-width:1664px;margin-left: calc(-4% \/ 2 );margin-right: calc(-4% \/ 2 );\"><div class=\"fusion-layout-column fusion_builder_column fusion-builder-column-3 fusion_builder_column_1_1 1_1 fusion-flex-column\"><div class=\"fusion-column-wrapper fusion-flex-justify-content-flex-start fusion-content-layout-column\" style=\"background-position:left top;background-repeat:no-repeat;-webkit-background-size:cover;-moz-background-size:cover;-o-background-size:cover;background-size:cover;padding: 0px 0px 0px 0px;\"><div class=\"fusion-text fusion-text-1\"><div class=\"fusion-text fusion-text-1\">\n<p><strong>Misja PTA opiera si\u0119 na podstawowych celach dzia\u0142ania, do kt\u00f3rych nale\u017c\u0105:<br \/>\n<\/strong><\/p>\n<ul>\n<li>Zrzeszanie os\u00f3b, kt\u00f3rych przedmiotem dzia\u0142ania lub zainteresowania jest alergologia do\u015bwiadczalna i kliniczna oraz dziedziny pokrewne,<\/li>\n<li>reprezentowanie polskiej alergologii w kraju i za granic\u0105,<\/li>\n<li>upowszechnianie wiedzy na temat alergologii w spo\u0142ecze\u0144stwie, w szczeg\u00f3lno\u015bci w \u015brodowisku student\u00f3w medycyny, lekarzy, \u015bredniego personelu medycznego i pracownik\u00f3w technicznych,<\/li>\n<li>udzia\u0142 w doskonaleniu zawodowym lekarzy w dziedzinie alergologii,<\/li>\n<li>wsp\u00f3\u0142praca z organami administracji pa\u0144stwowej, samorz\u0105dami zawodowymi oraz stowarzyszeniami w celu zapewnienia w\u0142a\u015bciwego poziomu lecznictwa w dziedzinie alergologii w Polsce,<\/li>\n<li>organizowanie i popieranie bada\u0144, i prac naukowych w zakresie alergologii do\u015bwiadczalnej i klinicznej, jak r\u00f3wnie\u017c wsp\u00f3\u0142praca w tym zakresie z innymi instytucjami i stowarzyszeniami,<\/li>\n<li>prowadzenie i wspieranie r\u00f3\u017cnych form dzia\u0142alno\u015bci szkoleniowej i edukacyjnej, podejmowanej na rzecz przedstawicieli \u015brodowiska medycznego i \u015brodowisk pokrewnych, dla rozszerzania wiedzy i praktycznych umiej\u0119tno\u015bci w zakresie alergologii.<\/li>\n<\/ul>\n<p><strong>Aktywno\u015bci dzi\u0119ki kt\u00f3rym PTA realizuj\u0119 swoje cele:<br \/>\n<\/strong><\/p>\n<ul>\n<li>Inicjowanie bada\u0144 naukowych z zakresu epidemiologii, etiopatogenezy, diagnostyki, profilaktyki, leczenia i farmakoekonomiki chor\u00f3b alergicznych,<\/li>\n<li>wyst\u0105pienia do w\u0142a\u015bciwych w\u0142adz w sprawach organizacji program\u00f3w zapobiegania i zwalczania chor\u00f3b alergicznych w Polsce,<\/li>\n<li>delegowanie swych przedstawicieli do organ\u00f3w powo\u0142ywanych na mocy obowi\u0105zuj\u0105cego prawa,<\/li>\n<li>organizacj\u0119 publicznych odczyt\u00f3w, szkole\u0144, kurs\u00f3w, wyk\u0142ad\u00f3w, posiedze\u0144 naukowych zjazd\u00f3w, sympozj\u00f3w, konferencji, kongres\u00f3w naukowych oraz innych form upowszechniania wiedzy na temat alergologii do\u015bwiadczalnej i klinicznej,<\/li>\n<li>opracowywanie program\u00f3w kszta\u0142cenia i doskonalenia zawodowego lekarzy i piel\u0119gniarek w zakresie alergologii,<\/li>\n<li>aktywne wspieranie r\u00f3\u017cnych form doskonalenia zawodowego pracownik\u00f3w medycznych, w szczeg\u00f3lno\u015bci lekarzy alergolog\u00f3w,<\/li>\n<li>wsp\u00f3\u0142prac\u0119 z krajowymi i zagranicznymi instytucjami naukowymi, plac\u00f3wkami s\u0142u\u017cby zdrowia i pokrewnymi towarzystwami, kt\u00f3re s\u0105 zainteresowane problematyk\u0105 zwalczania chor\u00f3b alergicznych,<\/li>\n<li>prowadzenie dzia\u0142alno\u015bci wydawniczej, zgodnie z obowi\u0105zuj\u0105cymi przepisami w tym zakresie,<\/li>\n<li>subwencjonowanie bada\u0144 naukowych z zakresu alergologii do\u015bwiadczalnej i klinicznej, w miar\u0119 posiadanych \u015brodk\u00f3w,<\/li>\n<li>fundowanie nagr\u00f3d i stypendi\u00f3w dla wyr\u00f3\u017cniaj\u0105cych si\u0119 w dzia\u0142alno\u015bci naukowej m\u0142odszych cz\u0142onk\u00f3w Towarzystwa, w szczeg\u00f3lno\u015bci za obronione prace doktorskie lub opublikowane prace oryginalne,<\/li>\n<li>przyznawanie godno\u015bci cz\u0142onka honorowego Towarzystwa, nadawanie medalu \u201eZas\u0142u\u017cony w rozwoju polskiej alergologii\u201d, jak r\u00f3wnie\u017c wyst\u0119powanie z wnioskami o nadanie odznacze\u0144 pa\u0144stwowych osobom o wybitnych zas\u0142ugach dla rozwoju polskiej alergologii,<\/li>\n<li>powo\u0142ywanie sekcji problemowych, grup roboczych i grup zainteresowa\u0144 do realizacji zleconych zda\u0144,<\/li>\n<li>opracowywanie, upowszechnianie i uaktualnianie standard\u00f3w diagnostyczno-leczniczych w alergologii.<\/li>\n<\/ul>\n<\/div>\n<\/div><\/div><style type=\"text\/css\">.fusion-body .fusion-builder-column-3{width:100% !important;margin-top : 0px;margin-bottom : 20px;}.fusion-builder-column-3 > .fusion-column-wrapper {padding-top : 0px !important;padding-right : 0px !important;margin-right : 1.92%;padding-bottom : 0px !important;padding-left : 0px !important;margin-left : 1.92%;}@media only screen and (max-width:1024px) {.fusion-body .fusion-builder-column-3{width:100% !important;order : 0;}.fusion-builder-column-3 > .fusion-column-wrapper {margin-right : 1.92%;margin-left : 1.92%;}}@media only screen and (max-width:640px) {.fusion-body .fusion-builder-column-3{width:100% !important;order : 0;}.fusion-builder-column-3 > .fusion-column-wrapper {margin-right : 1.92%;margin-left : 1.92%;}}<\/style><\/div><\/div><style type=\"text\/css\">.fusion-body .fusion-flex-container.fusion-builder-row-2{ padding-top : 0px;margin-top : 0px;padding-right : 0px;padding-bottom : 0px;margin-bottom : 0px;padding-left : 0px;}<\/style><\/div><\/p>\n","protected":false},"excerpt":{"rendered":"","protected":false},"author":1,"featured_media":0,"parent":0,"menu_order":0,"comment_status":"closed","ping_status":"closed","template":"","meta":{"ngg_post_thumbnail":0},"_links":{"self":[{"href":"https:\/\/old.pta.med.pl\/index.php?rest_route=\/wp\/v2\/pages\/14594"}],"collection":[{"href":"https:\/\/old.pta.med.pl\/index.php?rest_route=\/wp\/v2\/pages"}],"about":[{"href":"https:\/\/old.pta.med.pl\/index.php?rest_route=\/wp\/v2\/types\/page"}],"author":[{"embeddable":true,"href":"https:\/\/old.pta.med.pl\/index.php?rest_route=\/wp\/v2\/users\/1"}],"replies":[{"embeddable":true,"href":"https:\/\/old.pta.med.pl\/index.php?rest_route=%2Fwp%2Fv2%2Fcomments&post=14594"}],"version-history":[{"count":27,"href":"https:\/\/old.pta.med.pl\/index.php?rest_route=\/wp\/v2\/pages\/14594\/revisions"}],"predecessor-version":[{"id":15864,"href":"https:\/\/old.pta.med.pl\/index.php?rest_route=\/wp\/v2\/pages\/14594\/revisions\/15864"}],"wp:attachment":[{"href":"https:\/\/old.pta.med.pl\/index.php?rest_route=%2Fwp%2Fv2%2Fmedia&parent=14594"}],"curies":[{"name":"wp","href":"https:\/\/api.w.org\/{rel}","templated":true}]}}