{"id":5530,"date":"2018-02-23T07:34:16","date_gmt":"2018-02-23T06:34:16","guid":{"rendered":"https:\/\/www.pta.med.pl\/?page_id=5530"},"modified":"2021-10-08T08:09:50","modified_gmt":"2021-10-08T06:09:50","slug":"dla-firm","status":"publish","type":"page","link":"https:\/\/old.pta.med.pl\/?page_id=5530","title":{"rendered":"Dla firm"},"content":{"rendered":"<p><div class=\"fusion-fullwidth fullwidth-box fusion-builder-row-1 nonhundred-percent-fullwidth non-hundred-percent-height-scrolling fusion-no-small-visibility\" style=\"background-color: rgba(255,255,255,0);background-position: left top;background-repeat: no-repeat;padding-top:20px;padding-right:0px;padding-bottom:20px;padding-left:0px;margin-bottom: 0px;margin-top: 0px;border-width: 0px 0px 0px 0px;border-color:#eae9e9;border-style:solid;\" ><div class=\"fusion-builder-row fusion-row\"><div class=\"fusion-layout-column fusion_builder_column fusion-builder-column-0 fusion_builder_column_1_6 1_6 fusion-one-sixth fusion-column-first\" style=\"width:16.666666666667%;width:calc(16.666666666667% - ( ( 4% ) * 0.16666666666667 ) );margin-right: 4%;margin-top:0px;margin-bottom:20px;\"><div class=\"fusion-column-wrapper fusion-flex-column-wrapper-legacy\" style=\"background-position:left top;background-repeat:no-repeat;-webkit-background-size:cover;-moz-background-size:cover;-o-background-size:cover;background-size:cover;padding: 0px 0px 0px 0px;\"><div class=\"fusion-clearfix\"><\/div><\/div><\/div><div class=\"fusion-layout-column fusion_builder_column fusion-builder-column-1 fusion_builder_column_3_4 3_4 fusion-three-fourth fusion-column-last\" style=\"width:75%;width:calc(75% - ( ( 4% ) * 0.75 ) );margin-top:0px;margin-bottom:20px;\"><div class=\"fusion-column-wrapper fusion-flex-column-wrapper-legacy\" style=\"background-position:left top;background-repeat:no-repeat;-webkit-background-size:cover;-moz-background-size:cover;-o-background-size:cover;background-size:cover;padding: 0px 0px 0px 0px;\"><style type=\"text\/css\"><\/style><div class=\"fusion-title title fusion-title-1 sep-underline sep-solid fusion-title-center fusion-title-text fusion-title-size-one\" style=\"border-bottom-color:#e0dede;margin-top:0px;margin-right:0px;margin-bottom:31px;margin-left:0px;\"><h1 class=\"title-heading-center fusion-responsive-typography-calculated\" style=\"margin:0;--fontSize:28;line-height:1.4;\">DLA FIRM<\/h1><\/div><div class=\"imageframe-align-center\"><span class=\" fusion-imageframe imageframe-none imageframe-1 hover-type-none\"><img src=\"https:\/\/www.pta.med.pl\/wp-content\/uploads\/dlafirm.jpg\" alt class=\"img-responsive\"\/><\/span><\/div><div class=\"fusion-text fusion-text-1\"><h4 style=\"text-align: left;\"><strong>Informacje dla firm<\/strong><\/h4>\n<p align=\"justify\">Polskie Towarzystwo Alergologiczne od samego pocz\u0105tku upowszechnia wiedz\u0119 na temat alergologii w spo\u0142ecze\u0144stwie, w szczeg\u00f3lno\u015bci w \u015brodowisku medycznym. Ponadto organizuje i popiera badania i prace naukowych w zakresie alergologii, a tak\u017ce prowadzi i wspiera r\u00f3\u017cne formy dzia\u0142alno\u015bci szkoleniowej i edukacyjnej dla rozszerzania wiedzy i praktycznych umiej\u0119tno\u015bci w zakresie alergologii.<\/p>\n<p align=\"justify\">Do tej wsp\u00f3\u0142pracy Towarzystwa zaprasza podmioty niekomercyjne (instytucje pa\u0144stwowe i organizacje pozarz\u0105dowe czy samorz\u0105dy) oraz podmioty komercyjne, zainteresowane podnoszeniem wiedzy i \u015bwiadomo\u015bci alergologicznej w naszym spo\u0142ecze\u0144stwie.<\/p>\n<p align=\"justify\">Znajd\u0105 tu Pa\u0144stwo szerok\u0105 ofert\u0119 jak\u0105 nasze Towarzystwo przygotowa\u0142o dla wszystkich zainteresowanych wsp\u00f3\u0142prac\u0105 na rzecz alergologii, dla dobra polskich pacjent\u00f3w jak i polskiej medycyny w og\u00f3le. Liczymy tak\u017ce na Pa\u0144stwa oryginalne pomys\u0142y i indywidualne projekty, w kt\u00f3rych Polskie Towarzystwo Alergologiczne mog\u0142oby aktywnie uczestniczy\u0107, wspieraj\u0105c inicjatywy promedyczne i propacjenckie.<\/p>\n<\/div><div class=\"fusion-clearfix\"><\/div><\/div><\/div><\/div><\/div><div class=\"fusion-fullwidth fullwidth-box fusion-builder-row-2 fusion-flex-container nonhundred-percent-fullwidth non-hundred-percent-height-scrolling fusion-no-medium-visibility fusion-no-large-visibility\" style=\"background-color: rgba(255,255,255,0);background-position: center center;background-repeat: no-repeat;border-width: 0px 0px 0px 0px;border-color:#eae9e9;border-style:solid;\" ><div class=\"fusion-builder-row fusion-row fusion-flex-align-items-flex-start\" style=\"max-width:1664px;margin-left: calc(-4% \/ 2 );margin-right: calc(-4% \/ 2 );\"><div class=\"fusion-layout-column fusion_builder_column fusion-builder-column-2 fusion_builder_column_1_1 1_1 fusion-flex-column\"><div class=\"fusion-column-wrapper fusion-flex-justify-content-flex-start fusion-content-layout-column\" style=\"background-position:left top;background-repeat:no-repeat;-webkit-background-size:cover;-moz-background-size:cover;-o-background-size:cover;background-size:cover;padding: 0px 0px 0px 0px;\"><style type=\"text\/css\">.fusion-accordian  #accordion-5530-1 .panel-title a .fa-fusion-box{ color: #ffffff;}.fusion-accordian  #accordion-5530-1 .panel-title a .fa-fusion-box:before{ font-size: 14px; width: 14px;}.fusion-accordian  #accordion-5530-1 .panel-title a{font-size:14px;}.fusion-accordian  #accordion-5530-1 .fa-fusion-box { background-color: #03a9f4;border-color: #03a9f4;}.fusion-accordian  #accordion-5530-1 .panel-title a:hover, #accordion-5530-1 .fusion-toggle-boxed-mode:hover .panel-title a { color: #1a80b6;}.fusion-accordian  #accordion-5530-1 .panel-title .active .fa-fusion-box,.fusion-accordian  #accordion-5530-1 .panel-title a:hover .fa-fusion-box { background-color: #1a80b6!important;border-color: #1a80b6!important;}<\/style><div class=\"accordian fusion-accordian\"><div class=\"panel-group\" id=\"accordion-5530-1\"><div class=\"fusion-panel panel-default\"><div class=\"panel-heading\"><h4 class=\"panel-title toggle\"><a aria-expanded=\"false\" aria-controls=\"105db99f7e60e768a\" role=\"button\" data-toggle=\"collapse\" data-parent=\"#accordion-5530-1\" data-target=\"#105db99f7e60e768a\" href=\"#105db99f7e60e768a\"><span class=\"fusion-toggle-icon-wrapper\" aria-hidden=\"true\"><i class=\"fa-fusion-box\" aria-hidden=\"true\"><\/i><\/span><span class=\"fusion-toggle-heading\">Dla firm<\/span><\/a><\/h4><\/div><div id=\"105db99f7e60e768a\" class=\"panel-collapse collapse \"><div class=\"panel-body toggle-content fusion-clearfix\">\n<h4 style=\"text-align: left;\"><strong>Informacje dla firm<\/strong><\/h4>\n<p align=\"justify\">Polskie Towarzystwo Alergologiczne od samego pocz\u0105tku upowszechnia wiedz\u0119 na temat alergologii w spo\u0142ecze\u0144stwie, w szczeg\u00f3lno\u015bci w \u015brodowisku medycznym. Ponadto organizuje i popiera badania i prace naukowych w zakresie alergologii, a tak\u017ce prowadzi i wspiera r\u00f3\u017cne formy dzia\u0142alno\u015bci szkoleniowej i edukacyjnej dla rozszerzania wiedzy i praktycznych umiej\u0119tno\u015bci w zakresie alergologii.<\/p>\n<p align=\"justify\">Do tej wsp\u00f3\u0142pracy Towarzystwa zaprasza podmioty niekomercyjne (instytucje pa\u0144stwowe i organizacje pozarz\u0105dowe czy samorz\u0105dy) oraz podmioty komercyjne, zainteresowane podnoszeniem wiedzy i \u015bwiadomo\u015bci alergologicznej w naszym spo\u0142ecze\u0144stwie.<\/p>\n<p align=\"justify\">Znajd\u0105 tu Pa\u0144stwo szerok\u0105 ofert\u0119 jak\u0105 nasze Towarzystwo przygotowa\u0142o dla wszystkich zainteresowanych wsp\u00f3\u0142prac\u0105 na rzecz alergologii, dla dobra polskich pacjent\u00f3w jak i polskiej medycyny w og\u00f3le. Liczymy tak\u017ce na Pa\u0144stwa oryginalne pomys\u0142y i indywidualne projekty, w kt\u00f3rych Polskie Towarzystwo Alergologiczne mog\u0142oby aktywnie uczestniczy\u0107, wspieraj\u0105c inicjatywy promedyczne i propacjenckie.<\/p>\n<\/div><\/div><\/div><div class=\"fusion-panel panel-default\"><div class=\"panel-heading\"><h4 class=\"panel-title toggle\"><a aria-expanded=\"false\" aria-controls=\"beb5ea23b6236111d\" role=\"button\" data-toggle=\"collapse\" data-parent=\"#accordion-5530-1\" data-target=\"#beb5ea23b6236111d\" href=\"#beb5ea23b6236111d\"><span class=\"fusion-toggle-icon-wrapper\" aria-hidden=\"true\"><i class=\"fa-fusion-box\" aria-hidden=\"true\"><\/i><\/span><span class=\"fusion-toggle-heading\">Rekomendacje PTA<\/span><\/a><\/h4><\/div><div id=\"beb5ea23b6236111d\" class=\"panel-collapse collapse \"><div class=\"panel-body toggle-content fusion-clearfix\">\n<p>Polskie Towarzystwo Alergologiczne prowadzi rekomendacj\u0119 produkt\u00f3w na podstawie przeprowadzonych przez Towarzystwo bada\u0144. Efektem badania jest Opinia, zawieraj\u0105ca wyniki przeprowadzonych bada\u0144 oraz wnioski dotycz\u0105ce, spe\u0142nienia przez Wyr\u00f3b standard\u00f3w jako\u015bciowych, bezpiecze\u0144stwa alergologicznego oraz mo\u017cliwo\u015bci oznaczenia produktu Znakiem rekomendacji PTA.<\/p>\n<p><a href=\"https:\/\/www.pta.med.pl\/wp-content\/uploads\/LOGO-PRODUKT-REKOMENDOWANY-PTA.jpg\"><img class=\"size-full wp-image-5561 aligncenter\" src=\"https:\/\/www.pta.med.pl\/wp-content\/uploads\/LOGO-PRODUKT-REKOMENDOWANY-PTA.jpg\" alt=\"\" width=\"200\" height=\"200\" srcset=\"https:\/\/old.pta.med.pl\/wp-content\/uploads\/LOGO-PRODUKT-REKOMENDOWANY-PTA-66x66.jpg 66w, https:\/\/old.pta.med.pl\/wp-content\/uploads\/LOGO-PRODUKT-REKOMENDOWANY-PTA-100x100.jpg 100w, https:\/\/old.pta.med.pl\/wp-content\/uploads\/LOGO-PRODUKT-REKOMENDOWANY-PTA-150x150.jpg 150w, https:\/\/old.pta.med.pl\/wp-content\/uploads\/LOGO-PRODUKT-REKOMENDOWANY-PTA.jpg 200w\" sizes=\"(max-width: 200px) 100vw, 200px\" \/><\/a><\/p>\n<p>W procedurze rekomendacji analizowana jest dokumentacja produktowa &#8211; karty charakterystyki produktu, informacje o badaniach jakie przechodzi\u0142 produkt, sk\u0142ad ilo\u015bciowy i jako\u015bciowy, itp.<\/p>\n<p>Procedura otrzymywania rekomendacji PTA jest 3-stopniowa:<\/p>\n<ol>\n<li>W pierwszej fazie dokumenty produktowe s\u0105 analizowane przez badaczy PTA w celu uzyskania odpowiedzi czy dany produkt ma szans\u0119 na rekomendac\u0119,<\/li>\n<li>Je\u015bli wst\u0119pna analiza jest pozytywna daj\u0105c szans\u0119 na rekomendacj\u0119 PTA podpisywana jest umowa, za\u015b badacze PTA wykonuj\u0105 formalne badanie produktu analizuj\u0105c jego szczeg\u00f3\u0142ow\u0105 dokumentacj\u0119,<\/li>\n<li>Trzeci etap to przyznanie rekomendacji PTA zgodnie z wynikami badania.<\/li>\n<\/ol>\n<p>Badanie trwa oko\u0142o miesi\u0105ca (mo\u017ce trwa\u0107 te\u017c d\u0142u\u017cej ze wzgl\u0119du na stopie\u0144 skomplikowania produktu). Ca\u0142y proces od rozpocz\u0119cia wst\u0119pnego badania do uzyskania rekomendacji trwa od 1 do 3 miesi\u0119cy. Badanie to nie ma charakteru badania klinicznego.<\/p>\n<p>Op\u0142aty s\u0105 ustalane indywidualne i obejmuj\u0105 wynagrodzenie badaczy oraz koszt rekomendacji i zale\u017c\u0105 od stopnia skomplikowania sk\u0142adu produktu.<\/p>\n<p>Rekomendacja jest przyznawana na okres 3 lat. W tym czasie producent lub dystrybutor rekomendowanego produktu mo\u017ce u\u017cywa\u0107 Znaku rekomendacji i hase\u0142 rekomendacji na produkcie oraz w narz\u0119dziach promocyjnych i reklamowych produktu.<\/p>\n<p>Powy\u017csze warunki mog\u0105 ulec zmianie w wyniku indywidualnych ustale\u0144 lub ze wzgl\u0119du na specyfik\u0119 rekomendowanego produktu.<\/p>\n<p>W celu uzyskania szczeg\u00f3\u0142owych informacji nt. rekomendacji PTA prosimy o kontakt z Biurem PTA:<\/p>\n<p>tel.: +48 (42) 67769 48<\/p>\n<p>fax.: +48 (42) 679 03 16<\/p>\n<p>e-mail: <a href=\"mailto:pta@pta.med.pl\">pta@pta.med.pl<\/a><\/p>\n<p>Lista rekomendowanych przez Polskie Towarzystwo Alergologiczne produkt\u00f3w jest dost\u0119pna pod tym linkiem &#8211; <a href=\"https:\/\/dlapacjentow.pta.med.pl\/alergia-na-co-dzien\/produkty-dla-alergika\/\" target=\"_blank\" rel=\"noopener noreferrer\">https:\/\/dlapacjentow.pta.med.pl\/alergia-na-co-dzien\/produkty-dla-alergika\/<\/a><\/p>\n<\/div><\/div><\/div><div class=\"fusion-panel panel-default\"><div class=\"panel-heading\"><h4 class=\"panel-title toggle\"><a aria-expanded=\"false\" aria-controls=\"239c81f6952ac80e4\" role=\"button\" data-toggle=\"collapse\" data-parent=\"#accordion-5530-1\" data-target=\"#239c81f6952ac80e4\" href=\"#239c81f6952ac80e4\"><span class=\"fusion-toggle-icon-wrapper\" aria-hidden=\"true\"><i class=\"fa-fusion-box\" aria-hidden=\"true\"><\/i><\/span><span class=\"fusion-toggle-heading\">Przyjaciel Polskiej Alergologii<\/span><\/a><\/h4><\/div><div id=\"239c81f6952ac80e4\" class=\"panel-collapse collapse \"><div class=\"panel-body toggle-content fusion-clearfix\">\n<p>Polskie Towarzystwo Alergologiczne zaprasza wszystkich zainteresowanych tytu\u0142em \u201ePrzyjaciela Polskiej Alergologii\u201d. Zaproszenie te jest szczeg\u00f3lnie kierowane do podmiot\u00f3w, kt\u00f3re wykazuj\u0105 si\u0119 w szczeg\u00f3lno\u015bci:<\/p>\n<ul>\n<li>wszechstronn\u0105 dzia\u0142alno\u015bci\u0105 naukow\u0105 i edukacyjn\u0105 w zakresie alergologii,<\/li>\n<li>propaguj\u0105 praktyczne umiej\u0119tno\u015bci w zakresie alergologii,<\/li>\n<li>prowadz\u0105 badania naukowe z zakresu epidemiologii, etiopatogenezy, diagnostyki, profilaktyki, leczenia i farmakoekonomiki chor\u00f3b alergicznych.<\/li>\n<\/ul>\n<p>Szczeg\u00f3lne znaczenie ma zakres wsp\u00f3\u0142pracy w strategicznych zadaniach statutowych PTA, niepowi\u0105zanych z marketingowymi zainteresowaniami podmiot\u00f3w.<\/p>\n<p>Tytu\u0142 \u201ePrzyjaciela Polskiej Alergologii\u201d jest przyznawany przez PTA dorocznie na okres jednego roku i mo\u017ce by\u0107 wykorzystywany przez podmiot w celach marketingowych, w tym m.in. w prasie, w Internecie, podczas konferencji oraz spotka\u0144 organizowanych przez podmiot, jednak nie mo\u017ce by\u0107 wykorzystywany do promowania konkretnego produktu handlowego ani by\u0107 z nim w jakikolwiek spos\u00f3b powi\u0105zany. Wykorzystywanie tytu\u0142u po\u0142\u0105czone powinno by\u0107 z og\u00f3ln\u0105 dzia\u0142alno\u015bci\u0105 podmiotu na rzecz alergologii.<\/p>\n<p>Szczeg\u00f3\u0142owe postanowienia i kryteria przyznania tytu\u0142u \u201ePrzyjaciela Polskiej Alergologii\u201d zawiera Regulamin:<\/p>\n<p><strong><a href=\"https:\/\/www.pta.med.pl\/wp-content\/uploads\/Regulamin-PPA.pdf\">REGULAMIN PRZYZNAWANIA TYTU\u0141U \u201ePRZYJACIELA POLSKIEJ ALERGOLOGII\u201d POLSKIEGO TOWARZYSTWA ALERGOLOGICZNEGO<\/a><\/strong><\/p>\n<p>Wraz z przyznaniem tytu\u0142u, podmiot mo\u017ce u\u017cywa\u0107 opracowanego przez PTA znaku graficznego \u201ePrzyjaciela Polskiej Alergologii\u201d.<\/p>\n<p><a href=\"https:\/\/www.pta.med.pl\/wp-content\/uploads\/logo_ppa.jpg\"><img class=\"size-full wp-image-5577 aligncenter\" src=\"https:\/\/www.pta.med.pl\/wp-content\/uploads\/logo_ppa.jpg\" alt=\"\" width=\"247\" height=\"220\"><\/a><\/p>\n<p>W celu uzyskania szczeg\u00f3\u0142owych informacji nt. tytu\u0142u \u201ePrzyjaciela Polskiej Alergologii\u201d prosimy o kontakt z Biurem PTA:<br \/>\ntel.: +48 (42) 67769 48<br \/>\nfax.: +48 (42) 679 03 16<br \/>\ne-mail: <a href=\"mailto:pta@pta.med.pl\">pta@pta.med.pl<\/a><\/p>\n<\/div><\/div><\/div><div class=\"fusion-panel panel-default\"><div class=\"panel-heading\"><h4 class=\"panel-title toggle\"><a aria-expanded=\"false\" aria-controls=\"722b238ba56e36a61\" role=\"button\" data-toggle=\"collapse\" data-parent=\"#accordion-5530-1\" data-target=\"#722b238ba56e36a61\" href=\"#722b238ba56e36a61\"><span class=\"fusion-toggle-icon-wrapper\" aria-hidden=\"true\"><i class=\"fa-fusion-box\" aria-hidden=\"true\"><\/i><\/span><span class=\"fusion-toggle-heading\">Patronat PTA dla wydarze\u0144 edukacyjnych<\/span><\/a><\/h4><\/div><div id=\"722b238ba56e36a61\" class=\"panel-collapse collapse \"><div class=\"panel-body toggle-content fusion-clearfix\">\n<p>Polskie Towarzystwo Alergologiczne obejmuje wydarzenia naukowo-szkoleniowe (m.in. konferencje, sympozja, kongresy, fora, zjazdy, itp.). Organizator\u00f3w tego typu wydarze\u0144 zapraszamy do zapoznania si\u0119 z zasadami patronatu, kt\u00f3ry mo\u017ce przyj\u0105\u0107 dwie formy:<\/p>\n<p><strong>Opcja I \u2013 wydarzenia jednorazowe w danym roku kalendarzowym<\/strong><\/p>\n<p>Dotyczy wydarze\u0144 szkoleniowo-naukowych maj\u0105cych form\u0119 kongresu, konferencji, sympozjum odbywaj\u0105cych si\u0119 raz w danym roku kalendarzowym. Wniosek o udzielenie patronatu organizator wydarzenia sk\u0142ada do Prezydenta PTA w roku poprzedzaj\u0105cym konferencj\u0119, a w szczeg\u00f3lnych przypadkach najp\u00f3\u017aniej 3 miesi\u0105ce przed rozpocz\u0119ciem wydarzenia wykorzystuj\u0105c Za\u0142\u0105cznik nr 1. Wniosek nale\u017cy przes\u0142a\u0107 na adres <a href=\"mailto:pta@pta.med.pl\">pta@pta.med.pl<\/a>. Prezydent PTA na podstawie danych przedstawionych w za\u0142\u0105czniku podejmuje decyzj\u0119 o przyznaniu patronatu nad zg\u0142oszonym wydarzeniem.<\/p>\n<p>Prezydent PTA udzielaj\u0105c patronatu mo\u017ce zwr\u00f3ci\u0107 si\u0119 do organizatora wydarzenia o:<\/p>\n<ol>\n<li>w\u0142\u0105czenie wskazanych przez siebie os\u00f3b do Komitetu Naukowego (lub analogicznego organu sprawuj\u0105cego nadz\u00f3r naukowy nad wydarzeniem),<\/li>\n<li>zorganizowanie sesji naukowej pod patronatem PTA, kt\u00f3rej koszty zostan\u0105 pokryte przez organizatora (tematyka, wyk\u0142adowcy i czas sesji zostan\u0105 ustalone w porozumieniu z organizatorem),<\/li>\n<li>zorganizowanie wyk\u0142adu pod patronatem PTA, kt\u00f3rego koszty zostan\u0105 pokryte przez organizatora (tematyka, wyk\u0142adowca i czas wyk\u0142adu zostan\u0105 ustalone w porozumieniu z organizatorem),<\/li>\n<li>informowanie w materia\u0142ach konferencyjnych i promocyjnych wydarzenia o udzielonym patronacie PTA,<\/li>\n<li>umo\u017cliwienie wystawienia przez PTA stoiska o powierzchni minimum 4 m2 w trakcie wydarzenia naukowo-szkoleniowego,<\/li>\n<li>pe\u0142nej rejestracji (wraz z noclegiem i wy\u017cywieniem) os\u00f3b wskazanych przez PTA jako obs\u0142uga stoiska,<\/li>\n<li>przedstawienie PTA do akceptacji materia\u0142\u00f3w i dokument\u00f3w, w kt\u00f3rych zostanie wykorzystane logo PTA.<\/li>\n<\/ol>\n<p>Prezydent PTA mo\u017ce ponadto zwr\u00f3ci\u0107 si\u0119 do organizatora, bior\u0105c pod uwag\u0119 charakter i wielko\u015b\u0107 wydarzenia (liczba uczestnik\u00f3w, ranga, itp.), o op\u0142at\u0119 zwi\u0105zan\u0105 z udzieleniem patronatu PTA \u2013 jej wysoko\u015b\u0107 b\u0119dzie ustalana indywidualnie.<\/p>\n<p>Prezydent PTA mo\u017ce r\u00f3wnie\u017c wyst\u0105pi\u0107 do organizatora o spe\u0142nienie innych, nie wymienionych wy\u017cej warunk\u00f3w, niezb\u0119dnych do udzielenia patronatu PTA.<\/p>\n<p>Decyzja Prezydenta PTA o przyznaniu lub nieprzyznaniu patronatu jest niezw\u0142ocznie przekazywana organizatorowi wydarzenia.<\/p>\n<p>Obj\u0119cie patronatu PTA nad wydarzeniem nie oznacza deklaracji wsparcia finansowego, rzeczowego lub organizacyjnego dla organizatora ani osobistego udzia\u0142u Prezydenta PTA w wydarzeniu.<\/p>\n<p><strong>Opcja II \u2013 wydarzenia cykliczne w danym roku kalendarzowym<\/strong><\/p>\n<p>Dotyczy wydarze\u0144 szkoleniowo-naukowych organizowanych cyklicznie w danym roku kalendarzowym (np. cykle sympozj\u00f3w). Wniosek o udzielenie patronatu organizator wydarzenia sk\u0142ada do Prezydenta&nbsp;&nbsp; PTA w roku poprzedzaj\u0105cym konferencj\u0119, a w szczeg\u00f3lnych przypadkach najp\u00f3\u017aniej 3 miesi\u0105ce&nbsp; przed rozpocz\u0119ciem cyklu wydarze\u0144 wykorzystuj\u0105c Za\u0142\u0105cznik nr 1. Wniosek nale\u017cy przes\u0142a\u0107 na adres <a href=\"mailto:pta@pta.med.pl\">pta@pta.med.pl<\/a>. Prezydent&nbsp; PTA na podstawie danych przedstawionych w za\u0142\u0105czniku podejmuje decyzj\u0119 o przyznaniu patronatu nad wydarzeniem.<\/p>\n<p>Prezydent PTA udzielaj\u0105c patronatu mo\u017ce zwr\u00f3ci\u0107 si\u0119 do organizatora wydarzenia o:<\/p>\n<ol>\n<li>w\u0142\u0105czenie wskazanych przez siebie os\u00f3b do Komitetu Naukowego (lub analogicznego organu sprawuj\u0105cego nadz\u00f3r naukowy nad wydarzeniem),<\/li>\n<li>zorganizowanie w trakcie ka\u017cdego lub wybranego spotkania sesji naukowej pod patronatem PTA, kt\u00f3rej koszty zostan\u0105 pokryte przez organizatora (tematyka, wyk\u0142adowcy i czas sesji zostan\u0105 ustalone w porozumieniu z organizatorem),<\/li>\n<li>zorganizowanie w trakcie ka\u017cdego lub wybranego spotkania wyk\u0142adu pod patronatem PTA, kt\u00f3rego koszty zostan\u0105 pokryte przez organizatora (tematyka, wyk\u0142adowca i czas wyk\u0142adu zostan\u0105 ustalone w porozumieniu z organizatorem),<\/li>\n<li>informowanie w materia\u0142ach konferencyjnych i promocyjnych wydarzenia o udzielonym patronacie PTA,<\/li>\n<li>umo\u017cliwienie wystawienia przez PTA stoiska o powierzchni minimum 4 m2 w trakcie wydarzenia naukowo-szkoleniowego,<\/li>\n<li>pe\u0142nej rejestracji (wraz z noclegiem i wy\u017cywieniem) os\u00f3b wskazanych przez PTA jako obs\u0142uga stoiska,<\/li>\n<li>przedstawienie PTA do akceptacji programu naukowego oraz materia\u0142\u00f3w i dokument\u00f3w, w kt\u00f3rych zostanie wykorzystane logo PTA, co najmniej 2 tygodnie przed ich wydrukowaniem.<\/li>\n<\/ol>\n<p>Z udzieleniem przez Prezydenta PTA patronatu nad cyklem wydarze\u0144 zwi\u0105zana jest op\u0142ata \u2013 jej wysoko\u015b\u0107 wynosi 3 000 z\u0142 netto za pojedyncze spotkanie (kwota ta, w zale\u017cno\u015bci od okoliczno\u015bci, mo\u017ce ulec zmianie, stosownie do czasu trwania i warunk\u00f3w finansowych sympozjum\/szkolenia).<\/p>\n<p>Prezydent PTA mo\u017ce r\u00f3wnie\u017c wyst\u0105pi\u0107 do organizatora o spe\u0142nienie innych, nie wymienionych wy\u017cej warunk\u00f3w, niezb\u0119dnych do udzielenia patronatu PTA.<\/p>\n<p>Decyzja Prezydenta PTA o przyznaniu lub nieprzyznaniu patronatu jest niezw\u0142ocznie przekazywana organizatorowi wydarzenia.<\/p>\n<p>Obj\u0119cie patronatu PTA nad wydarzeniem nie oznacza deklaracji wsparcia finansowego, rzeczowego lub organizacyjnego dla organizatora ani osobistego udzia\u0142u Prezydenta PTA w wydarzeniu.<\/p>\n<p>PTA nie obejmuje patronatem wydarze\u0144, kt\u00f3rych zasady \u0142ami\u0105 prawa etyki wyk\u0142adowcy.<\/p>\n<p>&#8212;<\/p>\n<p>Odebranie patronatu PTA mo\u017ce nast\u0105pi\u0107 w przypadku:<\/p>\n<ol>\n<li>&nbsp;prowadzenia przez organizatora lub uczestnika wydarzenia dzia\u0142a\u0144 o charakterze promocyjnym, dotycz\u0105cych konkretnych produkt\u00f3w, us\u0142ug czy firm w formie, kt\u00f3re mog\u0142yby sugerowa\u0107 poparcie dla nich Prezydenta PTA lub Towarzystwa,<\/li>\n<li>lobbingowego charakteru przedsi\u0119wzi\u0119cia,<\/li>\n<li>niewywi\u0105zywania si\u0119 z kt\u00f3regokolwiek z warunk\u00f3w przyznania patronatu.<\/li>\n<\/ol>\n<p>Decyzja Prezydenta PTA o odebraniu patronatu ma charakter natychmiastowy i jest niezw\u0142ocznie przekazywana organizatorowi wydarzenia.<\/p>\n<p>&#8212;<\/p>\n<p><strong>Powy\u017csze ustalenia mog\u0105 ulec zmianie w zale\u017cno\u015bci od charakteru spotkania oraz indywidualnych ustale\u0144 mi\u0119dzy organizatorem a w\u0142adzami Towarzystwa.<\/strong><\/p>\n<p>W celu uzyskania szczeg\u00f3\u0142owych informacji nt. patronatu Polskiego Towarzystwa Alergologicznego dla wydarze\u0144 edukacyjnych prosimy o kontakt z Biurem PTA:<\/p>\n<p>tel.: +48 (42) 67769 48<br \/>\nfax.: +48 (42) 679 03 16<br \/>\ne-mail: <a href=\"mailto:pta@pta.med.pl\">pta@pta.med.pl<\/a><\/p>\n<p><strong>&#8212;<\/strong><\/p>\n<p><strong>Formularz patronatu Polskiego Towarzystwa Alergologicznego &#8211; <a href=\"https:\/\/www.pta.med.pl\/wp-content\/uploads\/Formularz-za\u0142\u0105cznik-do-zasad-patronatu-2018.pdf\">Za\u0142\u0105cznik 1 do Zasad obejmowania patronatem PTA wydarze\u0144 naukowo-szkoleniowych<\/a>.<\/strong><\/p>\n<\/div><\/div><\/div><\/div><\/div><\/div><style type=\"text\/css\">.fusion-body .fusion-builder-column-2{width:100% !important;margin-top : 0px;margin-bottom : 20px;}.fusion-builder-column-2 > .fusion-column-wrapper {padding-top : 0px !important;padding-right : 0px !important;margin-right : 1.92%;padding-bottom : 0px !important;padding-left : 0px !important;margin-left : 1.92%;}@media only screen and (max-width:1024px) {.fusion-body .fusion-builder-column-2{width:100% !important;order : 0;}.fusion-builder-column-2 > .fusion-column-wrapper {margin-right : 1.92%;margin-left : 1.92%;}}@media only screen and (max-width:640px) {.fusion-body .fusion-builder-column-2{width:100% !important;order : 0;}.fusion-builder-column-2 > .fusion-column-wrapper {margin-right : 1.92%;margin-left : 1.92%;}}<\/style><\/div><\/div><style type=\"text\/css\">.fusion-body .fusion-flex-container.fusion-builder-row-2{ padding-top : 0px;margin-top : 0px;padding-right : 0px;padding-bottom : 0px;margin-bottom : 0px;padding-left : 0px;}<\/style><\/div><\/p>\n","protected":false},"excerpt":{"rendered":"","protected":false},"author":1,"featured_media":0,"parent":0,"menu_order":0,"comment_status":"closed","ping_status":"closed","template":"","meta":{"ngg_post_thumbnail":0},"_links":{"self":[{"href":"https:\/\/old.pta.med.pl\/index.php?rest_route=\/wp\/v2\/pages\/5530"}],"collection":[{"href":"https:\/\/old.pta.med.pl\/index.php?rest_route=\/wp\/v2\/pages"}],"about":[{"href":"https:\/\/old.pta.med.pl\/index.php?rest_route=\/wp\/v2\/types\/page"}],"author":[{"embeddable":true,"href":"https:\/\/old.pta.med.pl\/index.php?rest_route=\/wp\/v2\/users\/1"}],"replies":[{"embeddable":true,"href":"https:\/\/old.pta.med.pl\/index.php?rest_route=%2Fwp%2Fv2%2Fcomments&post=5530"}],"version-history":[{"count":8,"href":"https:\/\/old.pta.med.pl\/index.php?rest_route=\/wp\/v2\/pages\/5530\/revisions"}],"predecessor-version":[{"id":14713,"href":"https:\/\/old.pta.med.pl\/index.php?rest_route=\/wp\/v2\/pages\/5530\/revisions\/14713"}],"wp:attachment":[{"href":"https:\/\/old.pta.med.pl\/index.php?rest_route=%2Fwp%2Fv2%2Fmedia&parent=5530"}],"curies":[{"name":"wp","href":"https:\/\/api.w.org\/{rel}","templated":true}]}}