{"id":5555,"date":"2018-03-13T13:03:12","date_gmt":"2018-03-13T12:03:12","guid":{"rendered":"https:\/\/www.pta.med.pl\/?page_id=5555"},"modified":"2021-10-08T08:13:17","modified_gmt":"2021-10-08T06:13:17","slug":"rekomendacja-pta","status":"publish","type":"page","link":"https:\/\/old.pta.med.pl\/?page_id=5555","title":{"rendered":"Rekomendacja PTA"},"content":{"rendered":"<div class=\"fusion-fullwidth fullwidth-box fusion-builder-row-1 nonhundred-percent-fullwidth non-hundred-percent-height-scrolling\" style=\"background-color: rgba(255,255,255,0);background-position: left top;background-repeat: no-repeat;padding-top:20px;padding-right:0px;padding-bottom:20px;padding-left:0px;margin-bottom: 0px;margin-top: 0px;border-width: 0px 0px 0px 0px;border-color:#eae9e9;border-style:solid;\" ><div class=\"fusion-builder-row fusion-row\"><div class=\"fusion-layout-column fusion_builder_column fusion-builder-column-0 fusion_builder_column_1_6 1_6 fusion-one-sixth fusion-column-first\" style=\"width:16.666666666667%;width:calc(16.666666666667% - ( ( 4% ) * 0.16666666666667 ) );margin-right: 4%;margin-top:0px;margin-bottom:20px;\"><div class=\"fusion-column-wrapper fusion-flex-column-wrapper-legacy\" style=\"background-position:left top;background-repeat:no-repeat;-webkit-background-size:cover;-moz-background-size:cover;-o-background-size:cover;background-size:cover;padding: 0px 0px 0px 0px;\"><div class=\"fusion-clearfix\"><\/div><\/div><\/div><div class=\"fusion-layout-column fusion_builder_column fusion-builder-column-1 fusion_builder_column_3_4 3_4 fusion-three-fourth fusion-column-last\" style=\"width:75%;width:calc(75% - ( ( 4% ) * 0.75 ) );margin-top:0px;margin-bottom:20px;\"><div class=\"fusion-column-wrapper fusion-flex-column-wrapper-legacy\" style=\"background-position:left top;background-repeat:no-repeat;-webkit-background-size:cover;-moz-background-size:cover;-o-background-size:cover;background-size:cover;padding: 0px 0px 0px 0px;\"><style type=\"text\/css\"><\/style><div class=\"fusion-title title fusion-title-1 sep-underline sep-solid fusion-title-center fusion-title-text fusion-title-size-one\" style=\"border-bottom-color:#e0dede;margin-top:0px;margin-right:0px;margin-bottom:31px;margin-left:0px;\"><h1 class=\"title-heading-center fusion-responsive-typography-calculated\" style=\"margin:0;--fontSize:28;line-height:1.4;\">REKOMENDACJA PTA<\/h1><\/div><div class=\"imageframe-align-center\"><span class=\" fusion-imageframe imageframe-none imageframe-1 hover-type-none\"><img src=\"https:\/\/www.pta.med.pl\/wp-content\/uploads\/badania_rekomendacje.jpg\" alt class=\"img-responsive\"\/><\/span><\/div><div class=\"fusion-sep-clear\"><\/div><div class=\"fusion-separator fusion-full-width-sep\" style=\"margin-left: auto;margin-right: auto;width:100%;\"><\/div><div class=\"fusion-sep-clear\"><\/div><div class=\"fusion-clearfix\"><\/div><\/div><\/div><div class=\"fusion-layout-column fusion_builder_column fusion-builder-column-2 fusion_builder_column_1_6 1_6 fusion-one-sixth fusion-column-first\" style=\"width:16.666666666667%;width:calc(16.666666666667% - ( ( 4% ) * 0.16666666666667 ) );margin-right: 4%;margin-top:0px;margin-bottom:20px;\"><div class=\"fusion-column-wrapper fusion-flex-column-wrapper-legacy\" style=\"background-position:left top;background-repeat:no-repeat;-webkit-background-size:cover;-moz-background-size:cover;-o-background-size:cover;background-size:cover;padding: 0px 0px 0px 0px;\"><div class=\"fusion-clearfix\"><\/div><\/div><\/div><div class=\"fusion-layout-column fusion_builder_column fusion-builder-column-3 fusion_builder_column_3_4 3_4 fusion-three-fourth fusion-column-last fusion-column-no-min-height\" style=\"width:75%;width:calc(75% - ( ( 4% ) * 0.75 ) );margin-top:0px;margin-bottom:0px;\"><div class=\"fusion-column-wrapper fusion-flex-column-wrapper-legacy\" style=\"background-position:left top;background-repeat:no-repeat;-webkit-background-size:cover;-moz-background-size:cover;-o-background-size:cover;background-size:cover;padding: 0px 0px 0px 0px;\"><div class=\"fusion-text fusion-text-1\"><p align=\"justify\">Polskie Towarzystwo Alergologiczne prowadzi rekomendacj\u0119 produkt\u00f3w na podstawie przeprowadzonych przez Towarzystwo bada\u0144. Efektem badania jest Opinia, zawieraj\u0105ca wyniki przeprowadzonych bada\u0144 oraz wnioski dotycz\u0105ce, spe\u0142nienia przez Wyr\u00f3b standard\u00f3w jako\u015bciowych, bezpiecze\u0144stwa alergologicznego oraz mo\u017cliwo\u015bci oznaczenia produktu Znakiem rekomendacji PTA.<\/p>\n<\/div><div class=\"imageframe-align-center\"><span class=\" fusion-imageframe imageframe-none imageframe-2 hover-type-none\"><img src=\"https:\/\/www.pta.med.pl\/wp-content\/uploads\/LOGO-PRODUKT-REKOMENDOWANY-PTA.jpg\" alt class=\"img-responsive\"\/><\/span><\/div><div class=\"fusion-text fusion-text-2\"><p>W procedurze rekomendacji analizowana jest dokumentacja produktowa &#8211; karty charakterystyki produktu, informacje o badaniach jakie przechodzi\u0142 produkt, sk\u0142ad ilo\u015bciowy i jako\u015bciowy, itp.<\/p>\n<p>Procedura otrzymywania rekomendacji PTA jest 3-stopniowa:<\/p>\n<ol>\n<li>W pierwszej fazie dokumenty produktowe s\u0105 analizowane przez badaczy PTA w celu uzyskania odpowiedzi czy dany produkt ma szans\u0119 na rekomendac\u0119,<\/li>\n<li>Je\u015bli wst\u0119pna analiza jest pozytywna daj\u0105c szans\u0119 na rekomendacj\u0119 PTA podpisywana jest umowa, za\u015b badacze PTA wykonuj\u0105 formalne badanie produktu analizuj\u0105c jego szczeg\u00f3\u0142ow\u0105 dokumentacj\u0119,<\/li>\n<li>Trzeci etap to przyznanie rekomendacji PTA zgodnie z wynikami badania.<\/li>\n<\/ol>\n<p>Badanie trwa oko\u0142o miesi\u0105ca (mo\u017ce trwa\u0107 te\u017c d\u0142u\u017cej ze wzgl\u0119du na stopie\u0144 skomplikowania produktu). Ca\u0142y proces od rozpocz\u0119cia wst\u0119pnego badania do uzyskania rekomendacji trwa od 1 do 3 miesi\u0119cy. Badanie to nie ma charakteru badania klinicznego.<\/p>\n<p>Op\u0142aty s\u0105 ustalane indywidualne i obejmuj\u0105 wynagrodzenie badaczy oraz koszt rekomendacji i zale\u017c\u0105 od stopnia skomplikowania sk\u0142adu produktu.<\/p>\n<p>Rekomendacja jest przyznawana na okres 3 lat. W tym czasie producent lub dystrybutor rekomendowanego produktu mo\u017ce u\u017cywa\u0107 Znaku rekomendacji i hase\u0142 rekomendacji na produkcie oraz w narz\u0119dziach promocyjnych i reklamowych produktu.<\/p>\n<p>Powy\u017csze warunki mog\u0105 ulec zmianie w wyniku indywidualnych ustale\u0144 lub ze wzgl\u0119du na specyfik\u0119 rekomendowanego produktu.<\/p>\n<p>W celu uzyskania szczeg\u00f3\u0142owych informacji nt. rekomendacji PTA prosimy o kontakt z Biurem PTA:<\/p>\n<p>tel.: +48 (42) 67769 48<br \/>\nfax.: +48 (42) 679 03 16<br \/>\ne-mail: <a href=\"mailto:pta@pta.med.pl\">pta@pta.med.pl<\/a><\/p>\n<p>Lista rekomendowanych przez Polskie Towarzystwo Alergologiczne produkt\u00f3w jest dost\u0119pna pod tym linkiem &#8211; <a href=\"https:\/\/dlapacjentow.pta.med.pl\/alergia-na-co-dzien\/produkty-dla-alergika\/\" target=\"_blank\" rel=\"noopener noreferrer\">https:\/\/dlapacjentow.pta.med.pl\/alergia-na-co-dzien\/produkty-dla-alergika\/<\/a><\/p>\n<\/div><div class=\"fusion-clearfix\"><\/div><\/div><\/div><\/div><\/div>\n","protected":false},"excerpt":{"rendered":"","protected":false},"author":1,"featured_media":0,"parent":5530,"menu_order":0,"comment_status":"closed","ping_status":"closed","template":"","meta":{"ngg_post_thumbnail":0},"_links":{"self":[{"href":"https:\/\/old.pta.med.pl\/index.php?rest_route=\/wp\/v2\/pages\/5555"}],"collection":[{"href":"https:\/\/old.pta.med.pl\/index.php?rest_route=\/wp\/v2\/pages"}],"about":[{"href":"https:\/\/old.pta.med.pl\/index.php?rest_route=\/wp\/v2\/types\/page"}],"author":[{"embeddable":true,"href":"https:\/\/old.pta.med.pl\/index.php?rest_route=\/wp\/v2\/users\/1"}],"replies":[{"embeddable":true,"href":"https:\/\/old.pta.med.pl\/index.php?rest_route=%2Fwp%2Fv2%2Fcomments&post=5555"}],"version-history":[{"count":3,"href":"https:\/\/old.pta.med.pl\/index.php?rest_route=\/wp\/v2\/pages\/5555\/revisions"}],"predecessor-version":[{"id":14715,"href":"https:\/\/old.pta.med.pl\/index.php?rest_route=\/wp\/v2\/pages\/5555\/revisions\/14715"}],"up":[{"embeddable":true,"href":"https:\/\/old.pta.med.pl\/index.php?rest_route=\/wp\/v2\/pages\/5530"}],"wp:attachment":[{"href":"https:\/\/old.pta.med.pl\/index.php?rest_route=%2Fwp%2Fv2%2Fmedia&parent=5555"}],"curies":[{"name":"wp","href":"https:\/\/api.w.org\/{rel}","templated":true}]}}