{"id":5564,"date":"2018-03-13T13:00:07","date_gmt":"2018-03-13T12:00:07","guid":{"rendered":"https:\/\/www.pta.med.pl\/?page_id=5564"},"modified":"2021-10-08T08:15:15","modified_gmt":"2021-10-08T06:15:15","slug":"przyjaciel-polskiej-alergologii","status":"publish","type":"page","link":"https:\/\/old.pta.med.pl\/?page_id=5564","title":{"rendered":"Przyjaciel Polskiej Alergologii"},"content":{"rendered":"<div class=\"fusion-fullwidth fullwidth-box fusion-builder-row-1 nonhundred-percent-fullwidth non-hundred-percent-height-scrolling\" style=\"background-color: rgba(255,255,255,0);background-position: left top;background-repeat: no-repeat;padding-top:20px;padding-right:0px;padding-bottom:20px;padding-left:0px;margin-bottom: 0px;margin-top: 0px;border-width: 0px 0px 0px 0px;border-color:#eae9e9;border-style:solid;\" ><div class=\"fusion-builder-row fusion-row\"><div class=\"fusion-layout-column fusion_builder_column fusion-builder-column-0 fusion_builder_column_1_6 1_6 fusion-one-sixth fusion-column-first\" style=\"width:16.666666666667%;width:calc(16.666666666667% - ( ( 4% ) * 0.16666666666667 ) );margin-right: 4%;margin-top:0px;margin-bottom:20px;\"><div class=\"fusion-column-wrapper fusion-flex-column-wrapper-legacy\" style=\"background-position:left top;background-repeat:no-repeat;-webkit-background-size:cover;-moz-background-size:cover;-o-background-size:cover;background-size:cover;padding: 0px 0px 0px 0px;\"><div class=\"fusion-clearfix\"><\/div><\/div><\/div><div class=\"fusion-layout-column fusion_builder_column fusion-builder-column-1 fusion_builder_column_3_4 3_4 fusion-three-fourth fusion-column-last\" style=\"width:75%;width:calc(75% - ( ( 4% ) * 0.75 ) );margin-top:0px;margin-bottom:20px;\"><div class=\"fusion-column-wrapper fusion-flex-column-wrapper-legacy\" style=\"background-position:left top;background-repeat:no-repeat;-webkit-background-size:cover;-moz-background-size:cover;-o-background-size:cover;background-size:cover;padding: 0px 0px 0px 0px;\"><style type=\"text\/css\"><\/style><div class=\"fusion-title title fusion-title-1 sep-underline sep-solid fusion-title-center fusion-title-text fusion-title-size-one\" style=\"border-bottom-color:#e0dede;margin-top:0px;margin-right:0px;margin-bottom:31px;margin-left:0px;\"><h1 class=\"title-heading-center fusion-responsive-typography-calculated\" style=\"margin:0;--fontSize:28;line-height:1.4;\">PRZYJACIEL POLSKIEJ ALERGOLOGII<\/h1><\/div><div class=\"imageframe-align-center\"><span class=\" fusion-imageframe imageframe-none imageframe-1 hover-type-none\"><img src=\"https:\/\/www.pta.med.pl\/wp-content\/uploads\/przyjaciel-PTA.jpg\" alt class=\"img-responsive\"\/><\/span><\/div><div class=\"fusion-sep-clear\"><\/div><div class=\"fusion-separator fusion-full-width-sep\" style=\"margin-left: auto;margin-right: auto;margin-top:10px;margin-bottom:10px;width:100%;\"><\/div><div class=\"fusion-sep-clear\"><\/div><div class=\"fusion-text fusion-text-1\"><p>Polskie Towarzystwo Alergologiczne zaprasza wszystkich zainteresowanych tytu\u0142em \u201ePrzyjaciela Polskiej Alergologii\u201d. Zaproszenie te jest szczeg\u00f3lnie kierowane do podmiot\u00f3w, kt\u00f3re wykazuj\u0105 si\u0119 w szczeg\u00f3lno\u015bci:<\/p>\n<ul>\n<li>wszechstronn\u0105 dzia\u0142alno\u015bci\u0105 naukow\u0105 i edukacyjn\u0105 w zakresie alergologii,<\/li>\n<li>propaguj\u0105 praktyczne umiej\u0119tno\u015bci w zakresie alergologii,<\/li>\n<li>prowadz\u0105 badania naukowe z zakresu epidemiologii, etiopatogenezy, diagnostyki, profilaktyki, leczenia i farmakoekonomiki chor\u00f3b alergicznych.<\/li>\n<\/ul>\n<p>Szczeg\u00f3lne znaczenie ma zakres wsp\u00f3\u0142pracy w strategicznych zadaniach statutowych PTA, niepowi\u0105zanych z marketingowymi zainteresowaniami podmiot\u00f3w.<\/p>\n<p>Tytu\u0142 \u201ePrzyjaciela Polskiej Alergologii\u201d jest przyznawany przez PTA dorocznie na okres jednego roku i mo\u017ce by\u0107 wykorzystywany przez podmiot w celach marketingowych, w tym m.in. w prasie, w Internecie, podczas konferencji oraz spotka\u0144 organizowanych przez podmiot, jednak nie mo\u017ce by\u0107 wykorzystywany do promowania konkretnego produktu handlowego ani by\u0107 z nim w jakikolwiek spos\u00f3b powi\u0105zany. Wykorzystywanie tytu\u0142u po\u0142\u0105czone powinno by\u0107 z og\u00f3ln\u0105 dzia\u0142alno\u015bci\u0105 podmiotu na rzecz alergologii.<\/p>\n<\/div><div class=\"fusion-text fusion-text-2\"><p>Szczeg\u00f3\u0142owe postanowienia i kryteria przyznania tytu\u0142u \u201ePrzyjaciela Polskiej Alergologii\u201d zawiera Regulamin:<\/p>\n<p><strong><a href=\"https:\/\/www.pta.med.pl\/wp-content\/uploads\/Regulamin-PPA.pdf\">REGULAMIN PRZYZNAWANIA TYTU\u0141U \u201ePRZYJACIELA POLSKIEJ ALERGOLOGII\u201d POLSKIEGO TOWARZYSTWA ALERGOLOGICZNEGO<\/a><\/strong><\/p>\n<p>Wraz z przyznaniem tytu\u0142u, podmiot mo\u017ce u\u017cywa\u0107 opracowanego przez PTA znaku graficznego \u201ePrzyjaciela Polskiej Alergologii\u201d.<\/p>\n<\/div><div class=\"imageframe-align-center\"><span class=\" fusion-imageframe imageframe-none imageframe-2 hover-type-none\"><img src=\"https:\/\/www.pta.med.pl\/wp-content\/uploads\/logo_ppa.jpg\" alt class=\"img-responsive\"\/><\/span><\/div><div class=\"fusion-text fusion-text-3\"><p>W celu uzyskania szczeg\u00f3\u0142owych informacji nt. tytu\u0142u \u201ePrzyjaciela Polskiej Alergologii\u201d prosimy o kontakt z Biurem PTA:<\/p>\n<p>tel.: +48 (42) 67769 48<br \/>\nfax.: +48 (42) 679 03 16<br \/>\ne-mail: <a href=\"mailto:pta@pta.med.pl\">pta@pta.med.pl<\/a><\/p>\n<\/div><div class=\"fusion-clearfix\"><\/div><\/div><\/div><\/div><\/div>\n","protected":false},"excerpt":{"rendered":"","protected":false},"author":1,"featured_media":0,"parent":5530,"menu_order":0,"comment_status":"closed","ping_status":"closed","template":"","meta":{"ngg_post_thumbnail":0},"_links":{"self":[{"href":"https:\/\/old.pta.med.pl\/index.php?rest_route=\/wp\/v2\/pages\/5564"}],"collection":[{"href":"https:\/\/old.pta.med.pl\/index.php?rest_route=\/wp\/v2\/pages"}],"about":[{"href":"https:\/\/old.pta.med.pl\/index.php?rest_route=\/wp\/v2\/types\/page"}],"author":[{"embeddable":true,"href":"https:\/\/old.pta.med.pl\/index.php?rest_route=\/wp\/v2\/users\/1"}],"replies":[{"embeddable":true,"href":"https:\/\/old.pta.med.pl\/index.php?rest_route=%2Fwp%2Fv2%2Fcomments&post=5564"}],"version-history":[{"count":1,"href":"https:\/\/old.pta.med.pl\/index.php?rest_route=\/wp\/v2\/pages\/5564\/revisions"}],"predecessor-version":[{"id":14716,"href":"https:\/\/old.pta.med.pl\/index.php?rest_route=\/wp\/v2\/pages\/5564\/revisions\/14716"}],"up":[{"embeddable":true,"href":"https:\/\/old.pta.med.pl\/index.php?rest_route=\/wp\/v2\/pages\/5530"}],"wp:attachment":[{"href":"https:\/\/old.pta.med.pl\/index.php?rest_route=%2Fwp%2Fv2%2Fmedia&parent=5564"}],"curies":[{"name":"wp","href":"https:\/\/api.w.org\/{rel}","templated":true}]}}