{"id":5569,"date":"2018-03-13T13:10:10","date_gmt":"2018-03-13T12:10:10","guid":{"rendered":"https:\/\/www.pta.med.pl\/?page_id=5569"},"modified":"2021-10-08T08:17:30","modified_gmt":"2021-10-08T06:17:30","slug":"patronat-polskiego-towarzystwa-alergologicznego-dla-wydarzen-edukacyjnych","status":"publish","type":"page","link":"https:\/\/old.pta.med.pl\/?page_id=5569","title":{"rendered":"Patronat Polskiego Towarzystwa Alergologicznego dla wydarze\u0144 edukacyjnych"},"content":{"rendered":"<div class=\"fusion-fullwidth fullwidth-box fusion-builder-row-1 nonhundred-percent-fullwidth non-hundred-percent-height-scrolling\" style=\"background-color: rgba(255,255,255,0);background-position: left top;background-repeat: no-repeat;padding-top:20px;padding-right:0px;padding-bottom:20px;padding-left:0px;margin-bottom: 0px;margin-top: 0px;border-width: 0px 0px 0px 0px;border-color:#eae9e9;border-style:solid;\" ><div class=\"fusion-builder-row fusion-row\"><div class=\"fusion-layout-column fusion_builder_column fusion-builder-column-0 fusion_builder_column_1_6 1_6 fusion-one-sixth fusion-column-first\" style=\"width:16.666666666667%;width:calc(16.666666666667% - ( ( 4% ) * 0.16666666666667 ) );margin-right: 4%;margin-top:0px;margin-bottom:20px;\"><div class=\"fusion-column-wrapper fusion-flex-column-wrapper-legacy\" style=\"background-position:left top;background-repeat:no-repeat;-webkit-background-size:cover;-moz-background-size:cover;-o-background-size:cover;background-size:cover;padding: 0px 0px 0px 0px;\"><div class=\"fusion-clearfix\"><\/div><\/div><\/div><div class=\"fusion-layout-column fusion_builder_column fusion-builder-column-1 fusion_builder_column_3_4 3_4 fusion-three-fourth fusion-column-last\" style=\"width:75%;width:calc(75% - ( ( 4% ) * 0.75 ) );margin-top:0px;margin-bottom:20px;\"><div class=\"fusion-column-wrapper fusion-flex-column-wrapper-legacy\" style=\"background-position:left top;background-repeat:no-repeat;-webkit-background-size:cover;-moz-background-size:cover;-o-background-size:cover;background-size:cover;padding: 0px 0px 0px 0px;\"><style type=\"text\/css\"><\/style><div class=\"fusion-title title fusion-title-1 sep-underline sep-solid fusion-title-center fusion-title-text fusion-title-size-one\" style=\"border-bottom-color:#e0dede;margin-top:0px;margin-right:0px;margin-bottom:31px;margin-left:0px;\"><h1 class=\"title-heading-center fusion-responsive-typography-calculated\" style=\"margin:0;--fontSize:28;line-height:1.4;\">PATRONAT PTA DLA WYDARZE\u0143 EDUKACYJNYCH<\/h1><\/div><div class=\"imageframe-align-center\"><span class=\" fusion-imageframe imageframe-none imageframe-1 hover-type-none\"><img src=\"https:\/\/www.pta.med.pl\/wp-content\/uploads\/zjazdy.jpg\" alt class=\"img-responsive\"\/><\/span><\/div><div class=\"fusion-sep-clear\"><\/div><div class=\"fusion-separator fusion-full-width-sep\" style=\"margin-left: auto;margin-right: auto;margin-top:10px;margin-bottom:10px;width:100%;\"><\/div><div class=\"fusion-sep-clear\"><\/div><div class=\"fusion-text fusion-text-1\"><p>Polskie Towarzystwo Alergologiczne obejmuje wydarzenia naukowo-szkoleniowe (m.in. konferencje, sympozja, kongresy, fora, zjazdy, itp.). Organizator\u00f3w tego typu wydarze\u0144 zapraszamy do zapoznania si\u0119 z zasadami patronatu, kt\u00f3ry mo\u017ce przyj\u0105\u0107 dwie formy:<\/p>\n<p><strong>Opcja I \u2013 wydarzenia jednorazowe w danym roku kalendarzowym<\/strong><\/p>\n<p>Dotyczy wydarze\u0144 szkoleniowo-naukowych maj\u0105cych form\u0119 kongresu, konferencji, sympozjum odbywaj\u0105cych si\u0119 raz w danym roku kalendarzowym. Wniosek o udzielenie patronatu organizator wydarzenia sk\u0142ada do Prezydenta PTA w roku poprzedzaj\u0105cym konferencj\u0119, a w szczeg\u00f3lnych przypadkach najp\u00f3\u017aniej 3 miesi\u0105ce przed rozpocz\u0119ciem wydarzenia wykorzystuj\u0105c Za\u0142\u0105cznik nr 1. Wniosek nale\u017cy przes\u0142a\u0107 na adres <a href=\"mailto:pta@pta.med.pl\">pta@pta.med.pl<\/a>. Prezydent PTA na podstawie danych przedstawionych w za\u0142\u0105czniku podejmuje decyzj\u0119 o przyznaniu patronatu nad zg\u0142oszonym wydarzeniem.<\/p>\n<p>Prezydent PTA udzielaj\u0105c patronatu mo\u017ce zwr\u00f3ci\u0107 si\u0119 do organizatora wydarzenia o:<\/p>\n<ol>\n<li>w\u0142\u0105czenie wskazanych przez siebie os\u00f3b do Komitetu Naukowego (lub analogicznego organu sprawuj\u0105cego nadz\u00f3r naukowy nad wydarzeniem),<\/li>\n<li>zorganizowanie sesji naukowej pod patronatem PTA, kt\u00f3rej koszty zostan\u0105 pokryte przez organizatora (tematyka, wyk\u0142adowcy i czas sesji zostan\u0105 ustalone w porozumieniu z organizatorem),<\/li>\n<li>zorganizowanie wyk\u0142adu pod patronatem PTA, kt\u00f3rego koszty zostan\u0105 pokryte przez organizatora (tematyka, wyk\u0142adowca i czas wyk\u0142adu zostan\u0105 ustalone w porozumieniu z organizatorem),<\/li>\n<li>informowanie w materia\u0142ach konferencyjnych i promocyjnych wydarzenia o udzielonym patronacie PTA,<\/li>\n<li>umo\u017cliwienie wystawienia przez PTA stoiska o powierzchni minimum 4 m2 w trakcie wydarzenia naukowo-szkoleniowego,<\/li>\n<li>pe\u0142nej rejestracji (wraz z noclegiem i wy\u017cywieniem) os\u00f3b wskazanych przez PTA jako obs\u0142uga stoiska,<\/li>\n<li>przedstawienie PTA do akceptacji materia\u0142\u00f3w i dokument\u00f3w, w kt\u00f3rych zostanie wykorzystane logo PTA.<\/li>\n<\/ol>\n<p>Prezydent PTA mo\u017ce ponadto zwr\u00f3ci\u0107 si\u0119 do organizatora, bior\u0105c pod uwag\u0119 charakter i wielko\u015b\u0107 wydarzenia (liczba uczestnik\u00f3w, ranga, itp.), o op\u0142at\u0119 zwi\u0105zan\u0105 z udzieleniem patronatu PTA \u2013 jej wysoko\u015b\u0107 b\u0119dzie ustalana indywidualnie.<\/p>\n<p>Prezydent PTA mo\u017ce r\u00f3wnie\u017c wyst\u0105pi\u0107 do organizatora o spe\u0142nienie innych, nie wymienionych wy\u017cej warunk\u00f3w, niezb\u0119dnych do udzielenia patronatu PTA.<\/p>\n<p>Decyzja Prezydenta PTA o przyznaniu lub nieprzyznaniu patronatu jest niezw\u0142ocznie przekazywana organizatorowi wydarzenia.<\/p>\n<p>Obj\u0119cie patronatu PTA nad wydarzeniem nie oznacza deklaracji wsparcia finansowego, rzeczowego lub organizacyjnego dla organizatora ani osobistego udzia\u0142u Prezydenta PTA w wydarzeniu.<\/p>\n<p><strong>Opcja II \u2013 wydarzenia cykliczne w danym roku kalendarzowym<\/strong><\/p>\n<p>Dotyczy wydarze\u0144 szkoleniowo-naukowych organizowanych cyklicznie w danym roku kalendarzowym (np. cykle sympozj\u00f3w). Wniosek o udzielenie patronatu organizator wydarzenia sk\u0142ada do Prezydenta&nbsp;&nbsp; PTA w roku poprzedzaj\u0105cym konferencj\u0119, a w szczeg\u00f3lnych przypadkach najp\u00f3\u017aniej 3 miesi\u0105ce&nbsp; przed rozpocz\u0119ciem cyklu wydarze\u0144 wykorzystuj\u0105c Za\u0142\u0105cznik nr 1. Wniosek nale\u017cy przes\u0142a\u0107 na adres <a href=\"mailto:pta@pta.med.pl\">pta@pta.med.pl<\/a>. Prezydent&nbsp; PTA na podstawie danych przedstawionych w za\u0142\u0105czniku podejmuje decyzj\u0119 o przyznaniu patronatu nad wydarzeniem.<\/p>\n<p>Prezydent PTA udzielaj\u0105c patronatu mo\u017ce zwr\u00f3ci\u0107 si\u0119 do organizatora wydarzenia o:<\/p>\n<ol>\n<li>w\u0142\u0105czenie wskazanych przez siebie os\u00f3b do Komitetu Naukowego (lub analogicznego organu sprawuj\u0105cego nadz\u00f3r naukowy nad wydarzeniem),<\/li>\n<li>zorganizowanie w trakcie ka\u017cdego lub wybranego spotkania sesji naukowej pod patronatem PTA, kt\u00f3rej koszty zostan\u0105 pokryte przez organizatora (tematyka, wyk\u0142adowcy i czas sesji zostan\u0105 ustalone w porozumieniu z organizatorem),<\/li>\n<li>zorganizowanie w trakcie ka\u017cdego lub wybranego spotkania wyk\u0142adu pod patronatem PTA, kt\u00f3rego koszty zostan\u0105 pokryte przez organizatora (tematyka, wyk\u0142adowca i czas wyk\u0142adu zostan\u0105 ustalone w porozumieniu z organizatorem),<\/li>\n<li>informowanie w materia\u0142ach konferencyjnych i promocyjnych wydarzenia o udzielonym patronacie PTA,<\/li>\n<li>umo\u017cliwienie wystawienia przez PTA stoiska o powierzchni minimum 4 m2 w trakcie wydarzenia naukowo-szkoleniowego,<\/li>\n<li>pe\u0142nej rejestracji (wraz z noclegiem i wy\u017cywieniem) os\u00f3b wskazanych przez PTA jako obs\u0142uga stoiska,<\/li>\n<li>przedstawienie PTA do akceptacji programu naukowego oraz materia\u0142\u00f3w i dokument\u00f3w, w kt\u00f3rych zostanie wykorzystane logo PTA, co najmniej 2 tygodnie przed ich wydrukowaniem.<\/li>\n<\/ol>\n<p>Z udzieleniem przez Prezydenta PTA patronatu nad cyklem wydarze\u0144 zwi\u0105zana jest op\u0142ata \u2013 jej wysoko\u015b\u0107 wynosi 3 000 z\u0142 netto za pojedyncze spotkanie (kwota ta, w zale\u017cno\u015bci od okoliczno\u015bci, mo\u017ce ulec zmianie, stosownie do czasu trwania i warunk\u00f3w finansowych sympozjum\/szkolenia).<\/p>\n<p>Prezydent PTA mo\u017ce r\u00f3wnie\u017c wyst\u0105pi\u0107 do organizatora o spe\u0142nienie innych, nie wymienionych wy\u017cej warunk\u00f3w, niezb\u0119dnych do udzielenia patronatu PTA.<\/p>\n<p>Decyzja Prezydenta PTA o przyznaniu lub nieprzyznaniu patronatu jest niezw\u0142ocznie przekazywana organizatorowi wydarzenia.<\/p>\n<p>Obj\u0119cie patronatu PTA nad wydarzeniem nie oznacza deklaracji wsparcia finansowego, rzeczowego lub organizacyjnego dla organizatora ani osobistego udzia\u0142u Prezydenta PTA w wydarzeniu.<\/p>\n<p>PTA nie obejmuje patronatem wydarze\u0144, kt\u00f3rych zasady \u0142ami\u0105 prawa etyki wyk\u0142adowcy.<\/p>\n<p>&#8212;<\/p>\n<p>Odebranie patronatu PTA mo\u017ce nast\u0105pi\u0107 w przypadku:<\/p>\n<ol>\n<li>&nbsp;prowadzenia przez organizatora lub uczestnika wydarzenia dzia\u0142a\u0144 o charakterze promocyjnym, dotycz\u0105cych konkretnych produkt\u00f3w, us\u0142ug czy firm w formie, kt\u00f3re mog\u0142yby sugerowa\u0107 poparcie dla nich Prezydenta PTA lub Towarzystwa,<\/li>\n<li>lobbingowego charakteru przedsi\u0119wzi\u0119cia,<\/li>\n<li>niewywi\u0105zywania si\u0119 z kt\u00f3regokolwiek z warunk\u00f3w przyznania patronatu.<\/li>\n<\/ol>\n<p>Decyzja Prezydenta PTA o odebraniu patronatu ma charakter natychmiastowy i jest niezw\u0142ocznie przekazywana organizatorowi wydarzenia.<\/p>\n<p>&#8212;<\/p>\n<p><strong>Powy\u017csze ustalenia mog\u0105 ulec zmianie w zale\u017cno\u015bci od charakteru spotkania oraz indywidualnych ustale\u0144 mi\u0119dzy organizatorem a w\u0142adzami Towarzystwa.<\/strong><\/p>\n<p>W celu uzyskania szczeg\u00f3\u0142owych informacji nt. patronatu Polskiego Towarzystwa Alergologicznego dla wydarze\u0144 edukacyjnych prosimy o kontakt z Biurem PTA:<\/p>\n<p>tel.: +48 (42) 67769 48<br \/>\nfax.: +48 (42) 679 03 16<br \/>\ne-mail: <a href=\"mailto:pta@pta.med.pl\">pta@pta.med.pl<\/a><\/p>\n<p><strong>&#8212;<\/strong><\/p>\n<p><strong>Formularz patronatu Polskiego Towarzystwa Alergologicznego &#8211; <a href=\"https:\/\/www.pta.med.pl\/wp-content\/uploads\/Formularz-za\u0142\u0105cznik-do-zasad-patronatu-2018.pdf\">Za\u0142\u0105cznik 1 do Zasad obejmowania patronatem PTA wydarze\u0144 naukowo-szkoleniowych<\/a>.<\/strong><\/p>\n<\/div><div class=\"fusion-clearfix\"><\/div><\/div><\/div><\/div><\/div>\n","protected":false},"excerpt":{"rendered":"","protected":false},"author":1,"featured_media":0,"parent":5530,"menu_order":0,"comment_status":"closed","ping_status":"closed","template":"","meta":{"ngg_post_thumbnail":0},"_links":{"self":[{"href":"https:\/\/old.pta.med.pl\/index.php?rest_route=\/wp\/v2\/pages\/5569"}],"collection":[{"href":"https:\/\/old.pta.med.pl\/index.php?rest_route=\/wp\/v2\/pages"}],"about":[{"href":"https:\/\/old.pta.med.pl\/index.php?rest_route=\/wp\/v2\/types\/page"}],"author":[{"embeddable":true,"href":"https:\/\/old.pta.med.pl\/index.php?rest_route=\/wp\/v2\/users\/1"}],"replies":[{"embeddable":true,"href":"https:\/\/old.pta.med.pl\/index.php?rest_route=%2Fwp%2Fv2%2Fcomments&post=5569"}],"version-history":[{"count":1,"href":"https:\/\/old.pta.med.pl\/index.php?rest_route=\/wp\/v2\/pages\/5569\/revisions"}],"predecessor-version":[{"id":14717,"href":"https:\/\/old.pta.med.pl\/index.php?rest_route=\/wp\/v2\/pages\/5569\/revisions\/14717"}],"up":[{"embeddable":true,"href":"https:\/\/old.pta.med.pl\/index.php?rest_route=\/wp\/v2\/pages\/5530"}],"wp:attachment":[{"href":"https:\/\/old.pta.med.pl\/index.php?rest_route=%2Fwp%2Fv2%2Fmedia&parent=5569"}],"curies":[{"name":"wp","href":"https:\/\/api.w.org\/{rel}","templated":true}]}}