{"id":78,"date":"2016-01-16T17:38:08","date_gmt":"2016-01-16T16:38:08","guid":{"rendered":"http:\/\/192.168.220.140\/o-nas\/komisje-i-grupy-robocze-zg-pta\/"},"modified":"2022-10-10T11:34:38","modified_gmt":"2022-10-10T09:34:38","slug":"komisje-i-grupy-robocze-zg-pta","status":"publish","type":"page","link":"https:\/\/old.pta.med.pl\/?page_id=78","title":{"rendered":"Komisje i Grupy Robocze ZG PTA"},"content":{"rendered":"<div class=\"fusion-fullwidth fullwidth-box fusion-builder-row-1 fusion-flex-container nonhundred-percent-fullwidth non-hundred-percent-height-scrolling\" style=\"background-color: rgba(255,255,255,0);background-position: center center;background-repeat: no-repeat;border-width: 0px 0px 0px 0px;border-color:#eae9e9;border-style:solid;\" ><div class=\"fusion-builder-row fusion-row fusion-flex-align-items-flex-start\" style=\"max-width:1664px;margin-left: calc(-4% \/ 2 );margin-right: calc(-4% \/ 2 );\"><div class=\"fusion-layout-column fusion_builder_column fusion-builder-column-0 fusion_builder_column_1_1 1_1 fusion-flex-column\"><div class=\"fusion-column-wrapper fusion-flex-justify-content-flex-start fusion-content-layout-column\" style=\"background-position:left top;background-repeat:no-repeat;-webkit-background-size:cover;-moz-background-size:cover;-o-background-size:cover;background-size:cover;padding: 0px 0px 0px 0px;\"><style type=\"text\/css\">@media only screen and (max-width:1024px) {.fusion-title.fusion-title-1{margin-top:0px!important; margin-right:0px!important;margin-bottom:31px!important;margin-left:0px!important;}}@media only screen and (max-width:640px) {.fusion-title.fusion-title-1{margin-top:0px!important; margin-right:0px!important;margin-bottom:20px!important; margin-left:0px!important;}}<\/style><div class=\"fusion-title title fusion-title-1 sep-underline sep-solid fusion-title-center fusion-title-text fusion-title-size-one\" style=\"border-bottom-color:#e0dede;margin-top:0px;margin-right:0px;margin-bottom:31px;margin-left:0px;\"><h1 class=\"title-heading-center fusion-responsive-typography-calculated\" style=\"margin:0;--fontSize:28;line-height:1.4;\">KOMISJE I GRUPY ROBOCZE ZG PTA<\/h1><\/div><div class=\"fusion-text fusion-text-1\"><p><strong>Komisja\u00a0ds. Europejskiego Egzaminu Specjalizacyjnego z Alergologii<\/strong><\/p>\n<ol>\n<li>Prof. Zbigniew Bartuzi<\/li>\n<li>Prof. Magdalena Czarnecka-Operacz<\/li>\n<li>Prof. Barbara Rogala<\/li>\n<\/ol>\n<p><strong>Zesp\u00f3\u0142 ds. dost\u0119pno\u015bci adrenaliny w szkole<\/strong><\/p>\n<ol>\n<li>Prof. Zbigniew Bartuzi<\/li>\n<li>Prof. Rados\u0142aw Gawlik<\/li>\n<li>Prof. Jerzy Kruszewski<\/li>\n<li>Prof. Marek Kulus<\/li>\n<li>Prof. Rafa\u0142 Pawliczak<\/li>\n<li>Prof. Barbara Rogala<\/li>\n<li>Prof. Boles\u0142aw Samoli\u0144ski<\/li>\n<\/ol>\n<p><strong>Komisja Historyczna PTA<\/strong><\/p>\n<ol>\n<li>Prof. Krzysztof Buczy\u0142ko<\/li>\n<li>Prof. Danuta Chmielewska- Szewczyk<\/li>\n<li>Prof. Wac\u0142aw Droszcz<\/li>\n<li>Prof. Maciej Kaczmarski<\/li>\n<li>Prof. Jerzy Kruszewski<\/li>\n<li>Prof. J\u00f3zef Ma\u0142olepszy<\/li>\n<li>Prof. Krystyna Obtu\u0142owicz<\/li>\n<li>Prof. Janusz Patkowski<\/li>\n<li>Dr Piotr Rapiejko<\/li>\n<li>Prof. Boles\u0142aw Samoli\u0144ski<\/li>\n<li>Prof. Zenon Siergiejko<\/li>\n<\/ol>\n<p><strong>Komisja ds. grant\u00f3w<\/strong><\/p>\n<ol>\n<li>Prof. Zbigniew Bartuzi<\/li>\n<li>Prof. Rados\u0142aw Gawlik<\/li>\n<li>Prof. Maciej Kupczyk<\/li>\n<li>Prof. Marek Kulus<\/li>\n<li>Prof. Piotr Kuna<\/li>\n<li>Dr Piotr \u0141acwik<\/li>\n<li>Dr hab. Micha\u0142 Panek<\/li>\n<li>Prof. Barbara Rogala<\/li>\n<\/ol>\n<p><strong>Zesp\u00f3\u0142 Programowy PTA w zakresie edukacji alergologicznej<\/strong><\/p>\n<ol>\n<li>Prof. Magdalena Czarnecka-Operacz<\/li>\n<li>Dr Piotr D\u0105browiecki<\/li>\n<li>Prof. Jerzy Kruszewski<\/li>\n<li>Dr hab. Edyta Krzych-Fa\u0142ta<\/li>\n<li>Prof. Maciej Kupczyk<\/li>\n<li>Prof. Marek Kulus<\/li>\n<li>Prof. Henryk Mazurek<\/li>\n<li>Prof. Marcin Moniuszko<\/li>\n<li>Prof. Rafa\u0142 Pawliczak<\/li>\n<li>Prof. Boles\u0142aw Samoli\u0144ski<\/li>\n<\/ol>\n<p><strong>Komisja Statutowa PTA<\/strong><\/p>\n<ol>\n<li>Prof. Zbigniew Bartuzi<\/li>\n<li>Prof. Rados\u0142aw Gawlik<\/li>\n<li>Prof. Maciej Kupczyk<\/li>\n<li>Prof. Marek Kulus<\/li>\n<li>Prof. Piotr Kuna<\/li>\n<li>Prof. Marcin Moniuszko<\/li>\n<li>Prof. Barbara Rogala<\/li>\n<li>Prof. Boles\u0142aw Samoli\u0144ski<\/li>\n<\/ol>\n<p><strong>Zesp\u00f3\u0142 PTA ds. terapii biologicznej:<\/strong><\/p>\n<ol>\n<li>Prof. Andrzej Chcia\u0142owski<\/li>\n<li>Prof. Magdalena Czarnecka-Operacz<\/li>\n<li>Prof. Ewa Czarnobilska<\/li>\n<li>Prof. Marek Kulus<\/li>\n<li>Prof. Maciej Kupczyk<\/li>\n<li>Prof. Marcin Moniuszko<\/li>\n<li>Dr Iwona Poziomkowska-G\u0119sicka<\/li>\n<li>Prof. Barbara Rogala<\/li>\n<li>Prof. Boles\u0142aw Samoli\u0144ski<\/li>\n<\/ol>\n<p><strong>Zesp\u00f3\u0142 ds. rozm\u00f3w z Ministerstwem Zdrowia nt. dost\u0119pno\u015bci i refundacji szczepionek alergicznych i preparat\u00f3w alergenowych<\/strong><\/p>\n<ol>\n<li>Dr Piotr D\u0105browiecki<\/li>\n<li>Prof. Rados\u0142aw Gawlik<\/li>\n<li>Prof. Marek Kulus<\/li>\n<li>Prof. Maciej Kupczyk<\/li>\n<li>Prof. Marcin Moniuszko<\/li>\n<li>Prof. Marek Niedoszytko<\/li>\n<li>Prof. Barbara Rogala<\/li>\n<li>Prof. Boles\u0142aw Samoli\u0144ski<\/li>\n<\/ol>\n<p><strong>Zesp\u00f3\u0142 ds. zanieczyszcze\u0144 powietrza<\/strong><\/p>\n<ol>\n<li>Prof. Ewa Czarnobilska<\/li>\n<li>Dr Piotr D\u0105browiecki<\/li>\n<li>Prof. Henryk Mazurek<\/li>\n<li>Dr Piotr Rapiejko<\/li>\n<li>Prof. Boles\u0142aw Samoli\u0144ski<\/li>\n<\/ol>\n<p><strong>Grupa Robocza ds. opracowania &#8220;Choroby alergiczne w Polsce. Tezy&#8221;<\/strong><\/p>\n<ol>\n<li>Prof. Rafa\u0142 Pawliczak<\/li>\n<li>Prof. Boles\u0142aw Samoli\u0144ski<\/li>\n<li>Prof. Roman Nowicki<\/li>\n<li>Prof. Marcin Moniuszko<\/li>\n<li>Dr Piotr D\u0105browiecki<\/li>\n<li>Prof. Rados\u0142aw Gawlik<\/li>\n<li>Prof. Ewa Czarnobilska<\/li>\n<li>Prof. Marcin Kurowski<\/li>\n<li>Prof. Zbigniew Bartuzi<\/li>\n<li>Prof. Marek Kulus<\/li>\n<li>Prof. Maciej Kupczyk<\/li>\n<li>Prof. Andrzej Emeryk<\/li>\n<li>Prof. Jerzy Kruszewski<\/li>\n<\/ol>\n<\/div><\/div><style type=\"text\/css\">.fusion-body .fusion-builder-column-0{width:100% !important;margin-top : 0px;margin-bottom : 0px;}.fusion-builder-column-0 > .fusion-column-wrapper {padding-top : 0px !important;padding-right : 0px !important;margin-right : 1.92%;padding-bottom : 0px !important;padding-left : 0px !important;margin-left : 1.92%;}@media only screen and (max-width:1024px) {.fusion-body .fusion-builder-column-0{width:100% !important;}.fusion-builder-column-0 > .fusion-column-wrapper {margin-right : 1.92%;margin-left : 1.92%;}}@media only screen and (max-width:640px) {.fusion-body .fusion-builder-column-0{width:100% !important;}.fusion-builder-column-0 > .fusion-column-wrapper {margin-right : 1.92%;margin-left : 1.92%;}}<\/style><\/div><\/div><style type=\"text\/css\">.fusion-body .fusion-flex-container.fusion-builder-row-1{ padding-top : 0px;margin-top : 0px;padding-right : 0px;padding-bottom : 0px;margin-bottom : 0px;padding-left : 0px;}<\/style><\/div>\n","protected":false},"excerpt":{"rendered":"","protected":false},"author":2,"featured_media":0,"parent":14594,"menu_order":38,"comment_status":"closed","ping_status":"closed","template":"","meta":{"ngg_post_thumbnail":0},"_links":{"self":[{"href":"https:\/\/old.pta.med.pl\/index.php?rest_route=\/wp\/v2\/pages\/78"}],"collection":[{"href":"https:\/\/old.pta.med.pl\/index.php?rest_route=\/wp\/v2\/pages"}],"about":[{"href":"https:\/\/old.pta.med.pl\/index.php?rest_route=\/wp\/v2\/types\/page"}],"author":[{"embeddable":true,"href":"https:\/\/old.pta.med.pl\/index.php?rest_route=\/wp\/v2\/users\/2"}],"replies":[{"embeddable":true,"href":"https:\/\/old.pta.med.pl\/index.php?rest_route=%2Fwp%2Fv2%2Fcomments&post=78"}],"version-history":[{"count":13,"href":"https:\/\/old.pta.med.pl\/index.php?rest_route=\/wp\/v2\/pages\/78\/revisions"}],"predecessor-version":[{"id":16139,"href":"https:\/\/old.pta.med.pl\/index.php?rest_route=\/wp\/v2\/pages\/78\/revisions\/16139"}],"up":[{"embeddable":true,"href":"https:\/\/old.pta.med.pl\/index.php?rest_route=\/wp\/v2\/pages\/14594"}],"wp:attachment":[{"href":"https:\/\/old.pta.med.pl\/index.php?rest_route=%2Fwp%2Fv2%2Fmedia&parent=78"}],"curies":[{"name":"wp","href":"https:\/\/api.w.org\/{rel}","templated":true}]}}